{"id":95,"date":"2024-02-26T16:14:18","date_gmt":"2024-02-26T15:14:18","guid":{"rendered":"https:\/\/monikapodolak.pl\/?page_id=95"},"modified":"2024-03-20T20:44:06","modified_gmt":"2024-03-20T19:44:06","slug":"marta-kepczuk","status":"publish","type":"page","link":"https:\/\/monikapodolak.pl\/?page_id=95","title":{"rendered":"Marta Klepczuk"},"content":{"rendered":"\n<div class=\"wp-block-group alignfull has-global-padding is-layout-constrained wp-container-core-group-is-layout-597b9181 wp-block-group-is-layout-constrained has-background\" style=\"margin-top:17px;margin-bottom:17px;padding-top:0px;padding-bottom:0px;background-image:url(&apos;https:\/\/monikapodolak.pl\/wp-content\/uploads\/2024\/02\/bgr2-scaled.jpg&apos;);background-size:cover;\">\n<div class=\"wp-block-columns alignwide has-ti-fg-alt-background-color has-text-color has-background has-link-color wp-elements-eed99dc8082957a8c06b49d284e06163\" style=\"color:#9c3647;margin-top:0;margin-bottom:0;padding-top:0;padding-bottom:0;font-size:16px\">\n<div class=\"wp-block-column has-global-padding is-layout-constrained wp-container-core-column-is-layout-e0082cf6 wp-block-column-is-layout-constrained\">\n<p class=\"has-text-align-center has-text-color has-link-color has-medium-font-size wp-elements-51d3653978a4ffb538642e4ebc249d0b\" style=\"color:#9c3647\">Lista 20 &#8211; Okr\u0119g 2 &#8211; Pozycja 6<\/p>\n\n\n\n<p class=\"has-text-align-center has-text-color has-link-color has-small-font-size wp-elements-b12bfeaa68e0f61cf934a237b0e4b32d\" style=\"color:#9c3647\">Werbkowice &#8211; ulice: Sienkiewicza, Kryszta\u0142owa, Wsp\u00f3lna, Buczy\u0144skiego Stanis\u0142awa, Partyzant\u00f3w, Poprzeczna, Konopnickiej<\/p>\n\n\n\n<p class=\"has-text-align-left ticss-877b8449 has-text-color has-link-color wp-elements-dac5ada5f131710d264e12a8a508cd49\" style=\"color:#9c3647;padding-top:var(--wp--preset--spacing--40);padding-bottom:var(--wp--preset--spacing--40);font-size:16px\">Lat 38. M\u0119\u017catka, troje dzieci. Wykszta\u0142cenie \u015brednie. Jest opiekunem osoby niepe\u0142nosprawnej. Aktywnie anga\u017cuje si\u0119 w r\u00f3\u017cnorodne dzia\u0142ania na rzecz spo\u0142eczno\u015bci przedszkolnej i szkolnej. Przez ostatnie 10 lat by\u0142a cz\u0142onkiem prezydium Rad Rodzic\u00f3w Szko\u0142y Podstawowej, Przedszkola i Zespo\u0142u Szkolno-Przedszkolnego w Werbkowicach (sprawowane funkcje &#8211; Sekretarz, Przewodnicz\u0105cy Rady). Lubi ksi\u0105\u017cki, filmy i muzyk\u0119.<\/p>\n\n\n\n<blockquote class=\"wp-block-quote is-layout-flow wp-block-quote-is-layout-flow\">\n<p class=\"ticss-5a3c6fdf has-text-color has-link-color has-figtree-font-family has-normal-font-size wp-elements-7274e2ec4f4381aadcf8ce53fdf30e44\" style=\"color:#9c3647;padding-right:var(--wp--preset--spacing--30);padding-left:var(--wp--preset--spacing--30)\">Po pi\u0119ciu latach konflikt\u00f3w w Szkole i Przedszkolu w Werbkowicach musimy przywr\u00f3ci\u0107 dobre warunki do nauki dla naszych dzieci. Jako mama niepe\u0142nosprawnego dziecka chc\u0119, aby Gmina Werbkowice by\u0142a bardziej przyjazna dla rodzic\u00f3w i os\u00f3b z niepe\u0142nosprawno\u015bciami.<\/p>\n<\/blockquote>\n<\/div>\n\n\n\n<div class=\"wp-block-column is-layout-flow wp-block-column-is-layout-flow\" style=\"flex-basis:270px\">\n<div class=\"wp-block-group has-ti-bg-alt-background-color has-background has-global-padding is-layout-constrained wp-container-core-group-is-layout-254f1302 wp-block-group-is-layout-constrained\" style=\"border-top-left-radius:160px;border-top-right-radius:0px;border-bottom-left-radius:0px;border-bottom-right-radius:160px;padding-top:0;padding-right:0;padding-bottom:0;padding-left:0\">\n<figure class=\"wp-block-image alignright size-full is-resized has-custom-border is-style-default\"><img loading=\"lazy\" decoding=\"async\" width=\"300\" height=\"450\" src=\"https:\/\/monikapodolak.pl\/wp-content\/uploads\/2024\/02\/2-1.jpg\" alt=\"\" class=\"has-border-color wp-image-97\" style=\"border-color:#9c3647;border-width:1px;border-top-left-radius:25px;border-top-right-radius:0px;border-bottom-left-radius:0px;border-bottom-right-radius:25px;aspect-ratio:0.6903703703703704;width:261px;height:auto\" srcset=\"https:\/\/monikapodolak.pl\/wp-content\/uploads\/2024\/02\/2-1.jpg 300w, https:\/\/monikapodolak.pl\/wp-content\/uploads\/2024\/02\/2-1-200x300.jpg 200w\" sizes=\"auto, (max-width: 300px) 100vw, 300px\" \/><\/figure>\n<\/div>\n<\/div>\n<\/div>\n\n\n\n<div class=\"wp-block-columns alignwide are-vertically-aligned-top has-ti-fg-alt-background-color has-text-color has-background has-link-color wp-elements-61927d324c00395f72d454c02a94bb12\" style=\"color:#9c3647;font-size:16px\">\n<div class=\"wp-block-column is-vertically-aligned-top is-layout-flow wp-block-column-is-layout-flow\">\n<p class=\"has-text-align-center has-text-color has-link-color wp-elements-b22a51fe25586bd2ac200a59a9671fb3\" style=\"color:#9c3647;font-size:26px\">Moje priorytety to:<\/p>\n\n\n\n<ul style=\"color:#9c3647\" class=\"has-text-color has-link-color wp-block-list wp-elements-3a08fceaaf37fe300f73e317da14931e\">\n<li>przywr\u00f3cenie \u201enormalno\u015bci\u201d w Przedszkolu i Szko\u0142ach Podstawowych prowadzonych przez Gmin\u0119<\/li>\n\n\n\n<li>poprawa stanu dr\u00f3g i o\u015bwietlenia na terenie Gminy<\/li>\n\n\n\n<li>urozmaicenie oferty kulturalnej i sportowo-rekreacyjnej dla mieszka\u0144c\u00f3w (w szczeg\u00f3lno\u015bci dla dzieci i&nbsp;m\u0142odzie\u017cy)<\/li>\n\n\n\n<li>monta\u017c prog\u00f3w spowalniaj\u0105cych przy ul. Buczy\u0144skiego Stanis\u0142awa, Wsp\u00f3lnej oraz M. Konopnickiej w Werbkowicach.<\/li>\n<\/ul>\n<\/div>\n<\/div>\n<\/div>\n","protected":false},"excerpt":{"rendered":"<p>Lista 20 &#8211; Okr\u0119g 2 &#8211; Pozycja 6 Werbkowice &#8211; ulice: Sienkiewicza, Kryszta\u0142owa, Wsp\u00f3lna, Buczy\u0144skiego Stanis\u0142awa, Partyzant\u00f3w, Poprzeczna, Konopnickiej Lat 38. M\u0119\u017catka, troje dzieci. Wykszta\u0142cenie \u015brednie. Jest opiekunem osoby niepe\u0142nosprawnej. Aktywnie anga\u017cuje si\u0119 w r\u00f3\u017cnorodne dzia\u0142ania na rzecz spo\u0142eczno\u015bci przedszkolnej i szkolnej. Przez ostatnie 10 lat by\u0142a cz\u0142onkiem prezydium Rad Rodzic\u00f3w Szko\u0142y Podstawowej, Przedszkola i [&hellip;]<\/p>\n","protected":false},"author":1,"featured_media":0,"parent":0,"menu_order":0,"comment_status":"closed","ping_status":"closed","template":"","meta":{"_editorskit_title_hidden":false,"_editorskit_reading_time":0,"_editorskit_is_block_options_detached":false,"_editorskit_block_options_position":"{}","_themeisle_gutenberg_block_has_review":false,"footnotes":""},"class_list":["post-95","page","type-page","status-publish","hentry"],"_links":{"self":[{"href":"https:\/\/monikapodolak.pl\/index.php?rest_route=\/wp\/v2\/pages\/95","targetHints":{"allow":["GET"]}}],"collection":[{"href":"https:\/\/monikapodolak.pl\/index.php?rest_route=\/wp\/v2\/pages"}],"about":[{"href":"https:\/\/monikapodolak.pl\/index.php?rest_route=\/wp\/v2\/types\/page"}],"author":[{"embeddable":true,"href":"https:\/\/monikapodolak.pl\/index.php?rest_route=\/wp\/v2\/users\/1"}],"replies":[{"embeddable":true,"href":"https:\/\/monikapodolak.pl\/index.php?rest_route=%2Fwp%2Fv2%2Fcomments&post=95"}],"version-history":[{"count":16,"href":"https:\/\/monikapodolak.pl\/index.php?rest_route=\/wp\/v2\/pages\/95\/revisions"}],"predecessor-version":[{"id":465,"href":"https:\/\/monikapodolak.pl\/index.php?rest_route=\/wp\/v2\/pages\/95\/revisions\/465"}],"wp:attachment":[{"href":"https:\/\/monikapodolak.pl\/index.php?rest_route=%2Fwp%2Fv2%2Fmedia&parent=95"}],"curies":[{"name":"wp","href":"https:\/\/api.w.org\/{rel}","templated":true}]}}