{"id":298,"date":"2024-02-26T16:14:18","date_gmt":"2024-02-26T15:14:18","guid":{"rendered":"https:\/\/monikapodolak.pl\/?page_id=298"},"modified":"2024-03-20T20:58:20","modified_gmt":"2024-03-20T19:58:20","slug":"bozena-wiktoria-hudoba","status":"publish","type":"page","link":"https:\/\/monikapodolak.pl\/?page_id=298","title":{"rendered":"Bo\u017cena Wiktoria Hudoba"},"content":{"rendered":"\n<div class=\"wp-block-group alignfull has-global-padding is-layout-constrained wp-container-core-group-is-layout-597b9181 wp-block-group-is-layout-constrained has-background\" style=\"margin-top:17px;margin-bottom:17px;padding-top:0px;padding-bottom:0px;background-image:url(&apos;https:\/\/monikapodolak.pl\/wp-content\/uploads\/2024\/02\/bgr2-scaled.jpg&apos;);background-size:cover;\">\n<div class=\"wp-block-columns alignwide has-ti-fg-alt-background-color has-text-color has-background has-link-color wp-elements-157518d30cee32ec4fa0a57f2d183864\" style=\"color:#9c3647;margin-top:0;margin-bottom:0;padding-top:0;padding-bottom:0;font-size:16px\">\n<div class=\"wp-block-column has-global-padding is-layout-constrained wp-container-core-column-is-layout-e0082cf6 wp-block-column-is-layout-constrained\">\n<p class=\"has-text-align-center has-text-color has-link-color has-medium-font-size wp-elements-23d44bec3e0d965c937be1be4d9f4a28\" style=\"color:#9c3647\">Lista 20 &#8211; Okr\u0119g 14 &#8211; Pozycja 6<\/p>\n\n\n\n<p class=\"has-text-align-center has-text-color has-link-color has-small-font-size wp-elements-8b78513b9ce3e82f116c16d53f4c82fc\" style=\"color:#9c3647\">Turkowice, Wronowice<\/p>\n\n\n\n<p class=\"has-text-align-left ticss-e9499fd3 has-text-color has-link-color wp-elements-38b512856d65bdab3fcd2eadfc3a8526\" style=\"color:#9c3647;padding-top:var(--wp--preset--spacing--40);padding-bottom:var(--wp--preset--spacing--40);font-size:16px\">Lat 63, mieszkanka Turkowic. M\u0119\u017catka, troje dzieci. Obecnie emerytka. W kadencji 2006-2010 by\u0142a radn\u0105 Rady Gminy Werbkowice. Zainteresowania to ksi\u0105\u017cki, r\u0119kodzie\u0142o i ogr\u00f3d.<\/p>\n\n\n\n<blockquote class=\"wp-block-quote is-layout-flow wp-block-quote-is-layout-flow\">\n<p class=\"ticss-c125a87a has-text-color has-link-color has-figtree-font-family has-normal-font-size wp-elements-6e689cd1e67bbce541d7c5118ab61eae\" style=\"color:#9c3647;padding-right:var(--wp--preset--spacing--30);padding-left:var(--wp--preset--spacing--30)\">W mojej przysz\u0142ej pracy radnej chcia\u0142abym ws\u0142uchiwa\u0107 si\u0119 w g\u0142os mieszka\u0144c\u00f3w. Dzi\u0119ki do\u015bwiadczeniu w pe\u0142nieniu funkcji radnej wiem w jaki spos\u00f3b skutecznie realizowa\u0107 postulaty mieszka\u0144c\u00f3w i nawi\u0105za\u0107 efektywn\u0105 wsp\u00f3\u0142prac\u0119 pomi\u0119dzy Rad\u0105 a W\u00f3jtem.<\/p>\n<\/blockquote>\n<\/div>\n\n\n\n<div class=\"wp-block-column is-layout-flow wp-block-column-is-layout-flow\" style=\"flex-basis:270px\">\n<div class=\"wp-block-group has-ti-bg-alt-background-color has-background has-global-padding is-layout-constrained wp-container-core-group-is-layout-254f1302 wp-block-group-is-layout-constrained\" style=\"border-top-left-radius:160px;border-top-right-radius:0px;border-bottom-left-radius:0px;border-bottom-right-radius:160px;padding-top:0;padding-right:0;padding-bottom:0;padding-left:0\">\n<figure class=\"wp-block-image alignright size-full is-resized has-custom-border is-style-default\"><img loading=\"lazy\" decoding=\"async\" width=\"300\" height=\"450\" src=\"https:\/\/monikapodolak.pl\/wp-content\/uploads\/2024\/02\/10-1.jpg\" alt=\"\" class=\"has-border-color wp-image-300\" style=\"border-color:#9c3647;border-width:1px;border-top-left-radius:25px;border-top-right-radius:0px;border-bottom-left-radius:0px;border-bottom-right-radius:25px;aspect-ratio:0.6903703703703704;width:261px;height:auto\" srcset=\"https:\/\/monikapodolak.pl\/wp-content\/uploads\/2024\/02\/10-1.jpg 300w, https:\/\/monikapodolak.pl\/wp-content\/uploads\/2024\/02\/10-1-200x300.jpg 200w\" sizes=\"auto, (max-width: 300px) 100vw, 300px\" \/><\/figure>\n<\/div>\n<\/div>\n<\/div>\n\n\n\n<div class=\"wp-block-columns alignwide are-vertically-aligned-top has-ti-fg-alt-background-color has-text-color has-background has-link-color wp-elements-36386f83f334ae5427e9301de739258b\" style=\"color:#9c3647;font-size:16px\">\n<div class=\"wp-block-column is-vertically-aligned-top is-layout-flow wp-block-column-is-layout-flow\">\n<p class=\"has-text-align-center has-text-color has-link-color wp-elements-b22a51fe25586bd2ac200a59a9671fb3\" style=\"color:#9c3647;font-size:26px\">Moje priorytety to:<\/p>\n\n\n\n<ul style=\"color:#9c3647\" class=\"has-text-color has-link-color wp-block-list wp-elements-907f6b9f5d57969089ecfda52a277570\">\n<li>budowa i remonty dr\u00f3g gminnych wraz z o\u015bwietleniem<\/li>\n\n\n\n<li>wsp\u00f3\u0142praca z Powiatem na rzecz remont\u00f3w dr\u00f3g powiatowych<\/li>\n\n\n\n<li>integracja mieszka\u0144c\u00f3w i tworzenie przyjaznej przestrzeni do \u017cycia.<\/li>\n<\/ul>\n<\/div>\n<\/div>\n<\/div>\n","protected":false},"excerpt":{"rendered":"<p>Lista 20 &#8211; Okr\u0119g 14 &#8211; Pozycja 6 Turkowice, Wronowice Lat 63, mieszkanka Turkowic. M\u0119\u017catka, troje dzieci. Obecnie emerytka. W kadencji 2006-2010 by\u0142a radn\u0105 Rady Gminy Werbkowice. Zainteresowania to ksi\u0105\u017cki, r\u0119kodzie\u0142o i ogr\u00f3d. W mojej przysz\u0142ej pracy radnej chcia\u0142abym ws\u0142uchiwa\u0107 si\u0119 w g\u0142os mieszka\u0144c\u00f3w. Dzi\u0119ki do\u015bwiadczeniu w pe\u0142nieniu funkcji radnej wiem w jaki spos\u00f3b skutecznie [&hellip;]<\/p>\n","protected":false},"author":1,"featured_media":0,"parent":0,"menu_order":0,"comment_status":"closed","ping_status":"closed","template":"","meta":{"_editorskit_title_hidden":false,"_editorskit_reading_time":0,"_editorskit_is_block_options_detached":false,"_editorskit_block_options_position":"{}","_themeisle_gutenberg_block_has_review":false,"footnotes":""},"class_list":["post-298","page","type-page","status-publish","hentry"],"_links":{"self":[{"href":"https:\/\/monikapodolak.pl\/index.php?rest_route=\/wp\/v2\/pages\/298","targetHints":{"allow":["GET"]}}],"collection":[{"href":"https:\/\/monikapodolak.pl\/index.php?rest_route=\/wp\/v2\/pages"}],"about":[{"href":"https:\/\/monikapodolak.pl\/index.php?rest_route=\/wp\/v2\/types\/page"}],"author":[{"embeddable":true,"href":"https:\/\/monikapodolak.pl\/index.php?rest_route=\/wp\/v2\/users\/1"}],"replies":[{"embeddable":true,"href":"https:\/\/monikapodolak.pl\/index.php?rest_route=%2Fwp%2Fv2%2Fcomments&post=298"}],"version-history":[{"count":4,"href":"https:\/\/monikapodolak.pl\/index.php?rest_route=\/wp\/v2\/pages\/298\/revisions"}],"predecessor-version":[{"id":479,"href":"https:\/\/monikapodolak.pl\/index.php?rest_route=\/wp\/v2\/pages\/298\/revisions\/479"}],"wp:attachment":[{"href":"https:\/\/monikapodolak.pl\/index.php?rest_route=%2Fwp%2Fv2%2Fmedia&parent=298"}],"curies":[{"name":"wp","href":"https:\/\/api.w.org\/{rel}","templated":true}]}}