{"id":293,"date":"2024-02-26T16:14:18","date_gmt":"2024-02-26T15:14:18","guid":{"rendered":"https:\/\/monikapodolak.pl\/?page_id=293"},"modified":"2024-03-20T20:57:40","modified_gmt":"2024-03-20T19:57:40","slug":"wieslaw-tadeusz-zieleniucha","status":"publish","type":"page","link":"https:\/\/monikapodolak.pl\/?page_id=293","title":{"rendered":"Wies\u0142aw Tadeusz Zieleniucha"},"content":{"rendered":"\n<div class=\"wp-block-group alignfull has-global-padding is-layout-constrained wp-container-core-group-is-layout-597b9181 wp-block-group-is-layout-constrained has-background\" style=\"margin-top:17px;margin-bottom:17px;padding-top:0px;padding-bottom:0px;background-image:url(&apos;https:\/\/monikapodolak.pl\/wp-content\/uploads\/2024\/02\/bgr2-scaled.jpg&apos;);background-size:cover;\">\n<div class=\"wp-block-columns alignwide has-ti-fg-alt-background-color has-text-color has-background has-link-color wp-elements-3dc609858717b77147863214683e3caf\" style=\"color:#9c3647;margin-top:0;margin-bottom:0;padding-top:0;padding-bottom:0;font-size:16px\">\n<div class=\"wp-block-column has-global-padding is-layout-constrained wp-container-core-column-is-layout-e0082cf6 wp-block-column-is-layout-constrained\">\n<p class=\"has-text-align-center has-text-color has-link-color has-medium-font-size wp-elements-2aefce579790c1a7f3ee3f57a0d9ffdc\" style=\"color:#9c3647\">Lista 20 &#8211; Okr\u0119g 13 &#8211; Pozycja 6<\/p>\n\n\n\n<p class=\"has-text-align-center has-text-color has-link-color has-small-font-size wp-elements-e0654715bb60502aa77bd520b367cfe1\" style=\"color:#9c3647\">Honiatycze, Honiatycze-Kolonia, Honiatyczki<\/p>\n\n\n\n<p class=\"has-text-align-left ticss-f456e6c9 has-text-color has-link-color wp-elements-91334c6bd8100d006969deda0d2fd6b6\" style=\"color:#9c3647;padding-top:var(--wp--preset--spacing--40);padding-bottom:var(--wp--preset--spacing--40);font-size:16px\">Lat 62, mieszkaniec Honiatyczek. \u017bonaty, troje dzieci. Wykszta\u0142cenie \u015brednie. Wraz z \u017con\u0105 prowadzi w\u0142asne gospodarstwo rolne. Jest cz\u0142onkiem Ochotniczej Stra\u017cy Po\u017carnej. Od wielu lat anga\u017cuje si\u0119 na rzecz spo\u0142eczno\u015bci lokalnej. Od 16 lat jest so\u0142tysem Honiatyczek. Od 2018 roku jest r\u00f3wnie\u017c Radnym Rady Gminy Werbkowice, cz\u0142onkiem Komisji Bud\u017cetu. Interesuje si\u0119 polityk\u0105.<\/p>\n\n\n\n<blockquote class=\"wp-block-quote is-layout-flow wp-block-quote-is-layout-flow\">\n<p class=\"ticss-d0287b85 has-text-color has-link-color has-figtree-font-family has-normal-font-size wp-elements-7654a0c2bda06d86c70c6c824cba1499\" style=\"color:#9c3647;padding-right:var(--wp--preset--spacing--30);padding-left:var(--wp--preset--spacing--30)\">Kandyduj\u0119, bo chc\u0119, \u017ceby zapanowa\u0142a normalno\u015b\u0107.&nbsp; Mam do\u015b\u0107 k\u0142\u00f3tni i spor\u00f3w pomi\u0119dzy w\u00f3jtem i Rad\u0105, kt\u00f3re do niczego nie prowadz\u0105. Jako wieloletni dzia\u0142acz na rzecz lokalnej spo\u0142eczno\u015bci b\u0119d\u0119 zabiega\u0142 o lepsz\u0105 jako\u015b\u0107 \u017cycia nas wszystkich.&nbsp;<\/p>\n<\/blockquote>\n<\/div>\n\n\n\n<div class=\"wp-block-column is-layout-flow wp-block-column-is-layout-flow\" style=\"flex-basis:270px\">\n<div class=\"wp-block-group has-ti-bg-alt-background-color has-background has-global-padding is-layout-constrained wp-container-core-group-is-layout-254f1302 wp-block-group-is-layout-constrained\" style=\"border-top-left-radius:160px;border-top-right-radius:0px;border-bottom-left-radius:0px;border-bottom-right-radius:160px;padding-top:0;padding-right:0;padding-bottom:0;padding-left:0\">\n<figure class=\"wp-block-image alignright size-full is-resized has-custom-border is-style-default\"><img loading=\"lazy\" decoding=\"async\" width=\"300\" height=\"450\" src=\"https:\/\/monikapodolak.pl\/wp-content\/uploads\/2024\/02\/15-1.jpg\" alt=\"\" class=\"has-border-color wp-image-296\" style=\"border-color:#9c3647;border-width:1px;border-top-left-radius:25px;border-top-right-radius:0px;border-bottom-left-radius:0px;border-bottom-right-radius:25px;aspect-ratio:0.6903703703703704;width:261px;height:auto\" srcset=\"https:\/\/monikapodolak.pl\/wp-content\/uploads\/2024\/02\/15-1.jpg 300w, https:\/\/monikapodolak.pl\/wp-content\/uploads\/2024\/02\/15-1-200x300.jpg 200w\" sizes=\"auto, (max-width: 300px) 100vw, 300px\" \/><\/figure>\n<\/div>\n<\/div>\n<\/div>\n\n\n\n<div class=\"wp-block-columns alignwide are-vertically-aligned-top has-ti-fg-alt-background-color has-text-color has-background has-link-color wp-elements-fcd9fbe63d576c31e45b44a33a273b70\" style=\"color:#9c3647;font-size:16px\">\n<div class=\"wp-block-column is-vertically-aligned-top is-layout-flow wp-block-column-is-layout-flow\">\n<p class=\"has-text-align-center has-text-color has-link-color wp-elements-b22a51fe25586bd2ac200a59a9671fb3\" style=\"color:#9c3647;font-size:26px\">Moje priorytety to:<\/p>\n\n\n\n<ul style=\"color:#9c3647\" class=\"has-text-color has-link-color wp-block-list wp-elements-2aac07d9328d62ed77a34fa48dfd3bd9\">\n<li>dalszy rozw\u00f3j infrastruktury wodoci\u0105gowej na terenie Gminy \u2013 w tym dla miejscowo\u015bci Honiatycze, Honiatycze-Kolonia i Honiatyczki<\/li>\n\n\n\n<li>budowa i remonty dr\u00f3g wraz z o\u015bwietleniem<\/li>\n\n\n\n<li>remont \u015bwietlicy w Honiatyczkach.<\/li>\n<\/ul>\n<\/div>\n<\/div>\n<\/div>\n","protected":false},"excerpt":{"rendered":"<p>Lista 20 &#8211; Okr\u0119g 13 &#8211; Pozycja 6 Honiatycze, Honiatycze-Kolonia, Honiatyczki Lat 62, mieszkaniec Honiatyczek. \u017bonaty, troje dzieci. Wykszta\u0142cenie \u015brednie. Wraz z \u017con\u0105 prowadzi w\u0142asne gospodarstwo rolne. Jest cz\u0142onkiem Ochotniczej Stra\u017cy Po\u017carnej. Od wielu lat anga\u017cuje si\u0119 na rzecz spo\u0142eczno\u015bci lokalnej. Od 16 lat jest so\u0142tysem Honiatyczek. Od 2018 roku jest r\u00f3wnie\u017c Radnym Rady Gminy [&hellip;]<\/p>\n","protected":false},"author":1,"featured_media":0,"parent":0,"menu_order":0,"comment_status":"closed","ping_status":"closed","template":"","meta":{"_editorskit_title_hidden":false,"_editorskit_reading_time":0,"_editorskit_is_block_options_detached":false,"_editorskit_block_options_position":"{}","_themeisle_gutenberg_block_has_review":false,"footnotes":""},"class_list":["post-293","page","type-page","status-publish","hentry"],"_links":{"self":[{"href":"https:\/\/monikapodolak.pl\/index.php?rest_route=\/wp\/v2\/pages\/293","targetHints":{"allow":["GET"]}}],"collection":[{"href":"https:\/\/monikapodolak.pl\/index.php?rest_route=\/wp\/v2\/pages"}],"about":[{"href":"https:\/\/monikapodolak.pl\/index.php?rest_route=\/wp\/v2\/types\/page"}],"author":[{"embeddable":true,"href":"https:\/\/monikapodolak.pl\/index.php?rest_route=\/wp\/v2\/users\/1"}],"replies":[{"embeddable":true,"href":"https:\/\/monikapodolak.pl\/index.php?rest_route=%2Fwp%2Fv2%2Fcomments&post=293"}],"version-history":[{"count":4,"href":"https:\/\/monikapodolak.pl\/index.php?rest_route=\/wp\/v2\/pages\/293\/revisions"}],"predecessor-version":[{"id":478,"href":"https:\/\/monikapodolak.pl\/index.php?rest_route=\/wp\/v2\/pages\/293\/revisions\/478"}],"wp:attachment":[{"href":"https:\/\/monikapodolak.pl\/index.php?rest_route=%2Fwp%2Fv2%2Fmedia&parent=293"}],"curies":[{"name":"wp","href":"https:\/\/api.w.org\/{rel}","templated":true}]}}