{"id":288,"date":"2024-02-26T16:14:18","date_gmt":"2024-02-26T15:14:18","guid":{"rendered":"https:\/\/monikapodolak.pl\/?page_id=288"},"modified":"2024-03-20T20:55:04","modified_gmt":"2024-03-20T19:55:04","slug":"dariusz-szambara","status":"publish","type":"page","link":"https:\/\/monikapodolak.pl\/?page_id=288","title":{"rendered":"Dariusz Szambara"},"content":{"rendered":"\n<div class=\"wp-block-group alignfull has-global-padding is-layout-constrained wp-container-core-group-is-layout-597b9181 wp-block-group-is-layout-constrained has-background\" style=\"margin-top:17px;margin-bottom:17px;padding-top:0px;padding-bottom:0px;background-image:url(&apos;https:\/\/monikapodolak.pl\/wp-content\/uploads\/2024\/02\/bgr2-scaled.jpg&apos;);background-size:cover;\">\n<div class=\"wp-block-columns alignwide has-ti-fg-alt-background-color has-text-color has-background has-link-color wp-elements-27314e9c2ba5c94e51ff1462f73cc5f1\" style=\"color:#9c3647;margin-top:0;margin-bottom:0;padding-top:0;padding-bottom:0;font-size:16px\">\n<div class=\"wp-block-column has-global-padding is-layout-constrained wp-container-core-column-is-layout-e0082cf6 wp-block-column-is-layout-constrained\">\n<p class=\"has-text-align-center has-text-color has-link-color has-medium-font-size wp-elements-e1b94f4ceead1662107fdf428807ae41\" style=\"color:#9c3647\">Lista 20 &#8211; Okr\u0119g 12 &#8211; Pozycja 4<\/p>\n\n\n\n<p class=\"has-text-align-center has-text-color has-link-color has-small-font-size wp-elements-74b5a5538317f34a245a268fbd2a5a9d\" style=\"color:#9c3647\">Terebi\u0144: 47, 48, 50, 55 &#8211; 205<\/p>\n\n\n\n<p class=\"has-text-align-left ticss-8a8fedc3 has-text-color has-link-color wp-elements-a93f8d75018945bd1eab5c8b96ff2307\" style=\"color:#9c3647;padding-top:var(--wp--preset--spacing--40);padding-bottom:var(--wp--preset--spacing--40);font-size:16px\">Lat 38. \u017bonaty, dwoje dzieci. Wykszta\u0142cenie \u015brednie. Prowadzi gospodarstwo rolne po\u0142o\u017cone w&nbsp;Terebiniu oraz w\u0142asn\u0105 pozarolnicz\u0105 dzia\u0142alno\u015b\u0107 gospodarcz\u0105. Interesuje si\u0119 motoryzacj\u0105.<\/p>\n\n\n\n<blockquote class=\"wp-block-quote is-layout-flow wp-block-quote-is-layout-flow\">\n<p class=\"ticss-0c11b106 has-text-color has-link-color has-figtree-font-family has-normal-font-size wp-elements-00b4ae3b2b05b9b7f2b0db6d4838079f\" style=\"color:#9c3647;padding-right:var(--wp--preset--spacing--30);padding-left:var(--wp--preset--spacing--30)\">Chc\u0119 wnie\u015b\u0107 \u015bwie\u017co\u015b\u0107 do Rady Gminy. Kandyduj\u0119 bo wierz\u0119, \u017ce nasza Gmina potrzebuje m\u0142odych i zaanga\u017cowanych radnych, odwa\u017cnie wychodz\u0105cych naprzeciw problemom i potrzebom mieszka\u0144c\u00f3w. Zamierzam aktywnie wsp\u00f3\u0142pracowa\u0107 z mieszka\u0144cami, aby tworzy\u0107 zaanga\u017cowan\u0105 spo\u0142eczno\u015b\u0107 wok\u00f3\u0142 lokalnych spraw.<\/p>\n<\/blockquote>\n<\/div>\n\n\n\n<div class=\"wp-block-column is-layout-flow wp-block-column-is-layout-flow\" style=\"flex-basis:270px\">\n<div class=\"wp-block-group has-ti-bg-alt-background-color has-background has-global-padding is-layout-constrained wp-container-core-group-is-layout-254f1302 wp-block-group-is-layout-constrained\" style=\"border-top-left-radius:160px;border-top-right-radius:0px;border-bottom-left-radius:0px;border-bottom-right-radius:160px;padding-top:0;padding-right:0;padding-bottom:0;padding-left:0\">\n<figure class=\"wp-block-image alignright size-full is-resized has-custom-border is-style-default\"><img loading=\"lazy\" decoding=\"async\" width=\"300\" height=\"450\" src=\"https:\/\/monikapodolak.pl\/wp-content\/uploads\/2024\/02\/13-1.jpg\" alt=\"\" class=\"has-border-color wp-image-291\" style=\"border-color:#9c3647;border-width:1px;border-top-left-radius:25px;border-top-right-radius:0px;border-bottom-left-radius:0px;border-bottom-right-radius:25px;aspect-ratio:0.6903703703703704;width:261px;height:auto\" srcset=\"https:\/\/monikapodolak.pl\/wp-content\/uploads\/2024\/02\/13-1.jpg 300w, https:\/\/monikapodolak.pl\/wp-content\/uploads\/2024\/02\/13-1-200x300.jpg 200w\" sizes=\"auto, (max-width: 300px) 100vw, 300px\" \/><\/figure>\n<\/div>\n<\/div>\n<\/div>\n\n\n\n<div class=\"wp-block-columns alignwide are-vertically-aligned-top has-ti-fg-alt-background-color has-text-color has-background has-link-color wp-elements-131f401b99f686cb96147b46b3d96f7c\" style=\"color:#9c3647;font-size:16px\">\n<div class=\"wp-block-column is-vertically-aligned-top is-layout-flow wp-block-column-is-layout-flow\">\n<p class=\"has-text-align-center has-text-color has-link-color wp-elements-b22a51fe25586bd2ac200a59a9671fb3\" style=\"color:#9c3647;font-size:26px\">Moje priorytety to:<\/p>\n\n\n\n<ul style=\"color:#9c3647\" class=\"has-text-color has-link-color wp-block-list wp-elements-c34121293a8d48aa22741ee09533a93a\">\n<li>budowa i remonty dr\u00f3g gminnych wraz z o\u015bwietleniem<\/li>\n\n\n\n<li>wsp\u00f3\u0142praca z Powiatem na rzecz budowy i remont\u00f3w dr\u00f3g powiatowych<\/li>\n\n\n\n<li>dalszy rozw\u00f3j infrastruktury wodoci\u0105gowej na terenie Gminy<\/li>\n\n\n\n<li>poprawa przejezdno\u015bci dr\u00f3g dojazdowych do p\u00f3l oraz dzia\u0142ania na rzecz melioracji teren\u00f3w.<\/li>\n<\/ul>\n<\/div>\n<\/div>\n<\/div>\n","protected":false},"excerpt":{"rendered":"<p>Lista 20 &#8211; Okr\u0119g 12 &#8211; Pozycja 4 Terebi\u0144: 47, 48, 50, 55 &#8211; 205 Lat 38. \u017bonaty, dwoje dzieci. Wykszta\u0142cenie \u015brednie. Prowadzi gospodarstwo rolne po\u0142o\u017cone w&nbsp;Terebiniu oraz w\u0142asn\u0105 pozarolnicz\u0105 dzia\u0142alno\u015b\u0107 gospodarcz\u0105. Interesuje si\u0119 motoryzacj\u0105. Chc\u0119 wnie\u015b\u0107 \u015bwie\u017co\u015b\u0107 do Rady Gminy. Kandyduj\u0119 bo wierz\u0119, \u017ce nasza Gmina potrzebuje m\u0142odych i zaanga\u017cowanych radnych, odwa\u017cnie wychodz\u0105cych naprzeciw [&hellip;]<\/p>\n","protected":false},"author":1,"featured_media":0,"parent":0,"menu_order":0,"comment_status":"closed","ping_status":"closed","template":"","meta":{"_editorskit_title_hidden":false,"_editorskit_reading_time":0,"_editorskit_is_block_options_detached":false,"_editorskit_block_options_position":"{}","_themeisle_gutenberg_block_has_review":false,"footnotes":""},"class_list":["post-288","page","type-page","status-publish","hentry"],"_links":{"self":[{"href":"https:\/\/monikapodolak.pl\/index.php?rest_route=\/wp\/v2\/pages\/288","targetHints":{"allow":["GET"]}}],"collection":[{"href":"https:\/\/monikapodolak.pl\/index.php?rest_route=\/wp\/v2\/pages"}],"about":[{"href":"https:\/\/monikapodolak.pl\/index.php?rest_route=\/wp\/v2\/types\/page"}],"author":[{"embeddable":true,"href":"https:\/\/monikapodolak.pl\/index.php?rest_route=\/wp\/v2\/users\/1"}],"replies":[{"embeddable":true,"href":"https:\/\/monikapodolak.pl\/index.php?rest_route=%2Fwp%2Fv2%2Fcomments&post=288"}],"version-history":[{"count":6,"href":"https:\/\/monikapodolak.pl\/index.php?rest_route=\/wp\/v2\/pages\/288\/revisions"}],"predecessor-version":[{"id":476,"href":"https:\/\/monikapodolak.pl\/index.php?rest_route=\/wp\/v2\/pages\/288\/revisions\/476"}],"wp:attachment":[{"href":"https:\/\/monikapodolak.pl\/index.php?rest_route=%2Fwp%2Fv2%2Fmedia&parent=288"}],"curies":[{"name":"wp","href":"https:\/\/api.w.org\/{rel}","templated":true}]}}