{"id":284,"date":"2024-02-26T16:14:18","date_gmt":"2024-02-26T15:14:18","guid":{"rendered":"https:\/\/monikapodolak.pl\/?page_id=284"},"modified":"2024-03-20T20:54:18","modified_gmt":"2024-03-20T19:54:18","slug":"jolanta-stanislawa-kral","status":"publish","type":"page","link":"https:\/\/monikapodolak.pl\/?page_id=284","title":{"rendered":"Jolanta Stanis\u0142awa Kral"},"content":{"rendered":"\n<div class=\"wp-block-group alignfull has-global-padding is-layout-constrained wp-container-core-group-is-layout-597b9181 wp-block-group-is-layout-constrained has-background\" style=\"margin-top:17px;margin-bottom:17px;padding-top:0px;padding-bottom:0px;background-image:url(&apos;https:\/\/monikapodolak.pl\/wp-content\/uploads\/2024\/02\/bgr2-scaled.jpg&apos;);background-size:cover;\">\n<div class=\"wp-block-columns alignwide has-ti-fg-alt-background-color has-text-color has-background has-link-color wp-elements-36ea670a3a86ed6e6b98de56c5d09035\" style=\"color:#9c3647;margin-top:0;margin-bottom:0;padding-top:0;padding-bottom:0;font-size:16px\">\n<div class=\"wp-block-column has-global-padding is-layout-constrained wp-container-core-column-is-layout-e0082cf6 wp-block-column-is-layout-constrained\">\n<p class=\"has-text-align-center has-text-color has-link-color has-medium-font-size wp-elements-aa43e8cd22f5f0d96ba631cef0a46df2\" style=\"color:#9c3647\">Lista 20 &#8211; Okr\u0119g 11 &#8211; Pozycja 6<\/p>\n\n\n\n<p class=\"has-text-align-center has-text-color has-link-color has-small-font-size wp-elements-bdf7090de6d2b91821d804b257d74276\" style=\"color:#9c3647\">Terebiniec, Terebi\u0144: 1 &#8211; 46, 49, 51 &#8211; 54, 206, Strzy\u017cowiec<\/p>\n\n\n\n<p class=\"has-text-align-left ticss-3f08505d has-text-color has-link-color wp-elements-827a2836a100b546bf9939eb52cbb6f0\" style=\"color:#9c3647;padding-top:var(--wp--preset--spacing--40);padding-bottom:var(--wp--preset--spacing--40);font-size:16px\">Lat 56, mieszkanka Terebi\u0144ca. M\u0119\u017catka, troje dzieci. Wykszta\u0142cenie wy\u017csze. Pracuje w Pa\u0144stwowej Powiatowej Stacji Sanitarno \u2013 Epidemiologicznej w Hrubieszowie. Jest cz\u0142onkini\u0105 Ko\u0142a Gospody\u0144 Wiejskich w Terebi\u0144cu \u201eWsp\u00f3\u0142czesne Dziedziczki\u201d oraz Rady Parafialnej. Od 2018 roku aktywnie anga\u017cuje si\u0119 w sprawy spo\u0142eczno\u015bci Gminy Werbkowice pe\u0142ni\u0105c funkcj\u0119 Radnej Rady Gminy Werbkowice (zast\u0119pca przewodnicz\u0105cego Komisji Samorz\u0105du).<\/p>\n\n\n\n<blockquote class=\"wp-block-quote is-layout-flow wp-block-quote-is-layout-flow\">\n<p class=\"ticss-c97d41fd has-text-color has-link-color has-figtree-font-family has-normal-font-size wp-elements-c3e6ae4380b34a21129982f3ccb1c14d\" style=\"color:#9c3647;padding-right:var(--wp--preset--spacing--30);padding-left:var(--wp--preset--spacing--30)\">W \u017cyciu kieruj\u0119 si\u0119 uczciwo\u015bci\u0105, wiar\u0105 i szacunkiem do drugiego cz\u0142owieka. Zawsze ch\u0119tnie pomagam osobom, kt\u00f3re zwracaj\u0105 si\u0119 do mnie w potrzebie. Dobro mieszka\u0144c\u00f3w to dla mnie priorytet. Kandyduj\u0119 ponownie, poniewa\u017c widz\u0119 sens pracy&nbsp;na rzecz mieszka\u0144c\u00f3w.<\/p>\n<\/blockquote>\n<\/div>\n\n\n\n<div class=\"wp-block-column is-layout-flow wp-block-column-is-layout-flow\" style=\"flex-basis:270px\">\n<div class=\"wp-block-group has-ti-bg-alt-background-color has-background has-global-padding is-layout-constrained wp-container-core-group-is-layout-254f1302 wp-block-group-is-layout-constrained\" style=\"border-top-left-radius:160px;border-top-right-radius:0px;border-bottom-left-radius:0px;border-bottom-right-radius:160px;padding-top:0;padding-right:0;padding-bottom:0;padding-left:0\">\n<figure class=\"wp-block-image alignright size-full is-resized has-custom-border is-style-default\"><img loading=\"lazy\" decoding=\"async\" width=\"300\" height=\"450\" src=\"https:\/\/monikapodolak.pl\/wp-content\/uploads\/2024\/02\/8-1.jpg\" alt=\"\" class=\"has-border-color wp-image-286\" style=\"border-color:#9c3647;border-width:1px;border-top-left-radius:25px;border-top-right-radius:0px;border-bottom-left-radius:0px;border-bottom-right-radius:25px;aspect-ratio:0.6903703703703704;width:261px;height:auto\" srcset=\"https:\/\/monikapodolak.pl\/wp-content\/uploads\/2024\/02\/8-1.jpg 300w, https:\/\/monikapodolak.pl\/wp-content\/uploads\/2024\/02\/8-1-200x300.jpg 200w\" sizes=\"auto, (max-width: 300px) 100vw, 300px\" \/><\/figure>\n<\/div>\n<\/div>\n<\/div>\n\n\n\n<div class=\"wp-block-columns alignwide are-vertically-aligned-top has-ti-fg-alt-background-color has-text-color has-background has-link-color wp-elements-a271390373aad81acc5ca838cf86d01a\" style=\"color:#9c3647;font-size:16px\">\n<div class=\"wp-block-column is-vertically-aligned-top is-layout-flow wp-block-column-is-layout-flow\">\n<p class=\"has-text-align-center has-text-color has-link-color wp-elements-b22a51fe25586bd2ac200a59a9671fb3\" style=\"color:#9c3647;font-size:26px\">Moje priorytety to:<\/p>\n\n\n\n<ul style=\"color:#9c3647\" class=\"has-text-color has-link-color wp-block-list wp-elements-73d5dbdc0c0626ba489a354339e5deae\">\n<li>budowa i remonty dr\u00f3g gminnych, w tym tzw. ul. Pi\u0119kna w Terebi\u0144cu<\/li>\n\n\n\n<li>wsp\u00f3\u0142praca z Powiatem na rzecz budowy i remont\u00f3w dr\u00f3g powiatowych<\/li>\n\n\n\n<li>budowa o\u015bwietlenia ulicznego w m. Strzy\u017cowiec<\/li>\n\n\n\n<li>rozbudowa sieci kanalizacyjnej<\/li>\n\n\n\n<li>budowa (remont) mostu&nbsp;w m.&nbsp;Terebiniec (w kierunku Strzy\u017cowca).<\/li>\n<\/ul>\n<\/div>\n<\/div>\n<\/div>\n","protected":false},"excerpt":{"rendered":"<p>Lista 20 &#8211; Okr\u0119g 11 &#8211; Pozycja 6 Terebiniec, Terebi\u0144: 1 &#8211; 46, 49, 51 &#8211; 54, 206, Strzy\u017cowiec Lat 56, mieszkanka Terebi\u0144ca. M\u0119\u017catka, troje dzieci. Wykszta\u0142cenie wy\u017csze. Pracuje w Pa\u0144stwowej Powiatowej Stacji Sanitarno \u2013 Epidemiologicznej w Hrubieszowie. Jest cz\u0142onkini\u0105 Ko\u0142a Gospody\u0144 Wiejskich w Terebi\u0144cu \u201eWsp\u00f3\u0142czesne Dziedziczki\u201d oraz Rady Parafialnej. Od 2018 roku aktywnie anga\u017cuje [&hellip;]<\/p>\n","protected":false},"author":1,"featured_media":0,"parent":0,"menu_order":0,"comment_status":"closed","ping_status":"closed","template":"","meta":{"_editorskit_title_hidden":false,"_editorskit_reading_time":0,"_editorskit_is_block_options_detached":false,"_editorskit_block_options_position":"{}","_themeisle_gutenberg_block_has_review":false,"footnotes":""},"class_list":["post-284","page","type-page","status-publish","hentry"],"_links":{"self":[{"href":"https:\/\/monikapodolak.pl\/index.php?rest_route=\/wp\/v2\/pages\/284","targetHints":{"allow":["GET"]}}],"collection":[{"href":"https:\/\/monikapodolak.pl\/index.php?rest_route=\/wp\/v2\/pages"}],"about":[{"href":"https:\/\/monikapodolak.pl\/index.php?rest_route=\/wp\/v2\/types\/page"}],"author":[{"embeddable":true,"href":"https:\/\/monikapodolak.pl\/index.php?rest_route=\/wp\/v2\/users\/1"}],"replies":[{"embeddable":true,"href":"https:\/\/monikapodolak.pl\/index.php?rest_route=%2Fwp%2Fv2%2Fcomments&post=284"}],"version-history":[{"count":4,"href":"https:\/\/monikapodolak.pl\/index.php?rest_route=\/wp\/v2\/pages\/284\/revisions"}],"predecessor-version":[{"id":475,"href":"https:\/\/monikapodolak.pl\/index.php?rest_route=\/wp\/v2\/pages\/284\/revisions\/475"}],"wp:attachment":[{"href":"https:\/\/monikapodolak.pl\/index.php?rest_route=%2Fwp%2Fv2%2Fmedia&parent=284"}],"curies":[{"name":"wp","href":"https:\/\/api.w.org\/{rel}","templated":true}]}}