{"id":278,"date":"2024-02-26T16:14:18","date_gmt":"2024-02-26T15:14:18","guid":{"rendered":"https:\/\/monikapodolak.pl\/?page_id=278"},"modified":"2024-03-20T20:53:29","modified_gmt":"2024-03-20T19:53:29","slug":"pawel-wisniewski","status":"publish","type":"page","link":"https:\/\/monikapodolak.pl\/?page_id=278","title":{"rendered":"Pawe\u0142 Wi\u015bniewski"},"content":{"rendered":"\n<div class=\"wp-block-group alignfull has-global-padding is-layout-constrained wp-container-core-group-is-layout-597b9181 wp-block-group-is-layout-constrained has-background\" style=\"margin-top:17px;margin-bottom:17px;padding-top:0px;padding-bottom:0px;background-image:url(&apos;https:\/\/monikapodolak.pl\/wp-content\/uploads\/2024\/02\/bgr2-scaled.jpg&apos;);background-size:cover;\">\n<div class=\"wp-block-columns alignwide has-ti-fg-alt-background-color has-text-color has-background has-link-color wp-elements-6656678815a337b377c749abe83c977c\" style=\"color:#9c3647;margin-top:0;margin-bottom:0;padding-top:0;padding-bottom:0;font-size:16px\">\n<div class=\"wp-block-column has-global-padding is-layout-constrained wp-container-core-column-is-layout-e0082cf6 wp-block-column-is-layout-constrained\">\n<p class=\"has-text-align-center has-text-color has-link-color has-medium-font-size wp-elements-63c073be57172cdbdb6bda4325a2a2c9\" style=\"color:#9c3647\">Lista 20 &#8211; Okr\u0119g 10 &#8211; Pozycja 6 <\/p>\n\n\n\n<p class=\"has-text-align-center has-text-color has-link-color has-small-font-size wp-elements-2eafa5dc4b1fe8cbc9a0d23f0fc55a4f\" style=\"color:#9c3647\">Malice, Kotor\u00f3w, \u0141ysa G\u00f3ra<\/p>\n\n\n\n<p class=\"has-text-align-left ticss-7c12ac59 has-text-color has-link-color wp-elements-092a0b8eafaeb0fd05f1ce203b3469e9\" style=\"color:#9c3647;padding-top:var(--wp--preset--spacing--40);padding-bottom:var(--wp--preset--spacing--40);font-size:16px\">Lat 36, mieszkaniec Kotorowa. \u017bonaty, jedno dziecko. Wykszta\u0142cenie wy\u017csze. Prowadzi w\u0142asn\u0105 dzia\u0142alno\u015b\u0107 gospodarcz\u0105. Interesuje si\u0119 w\u0119dkarstwem. Jest skarbnikiem Ko\u0142a Polskiego Zwi\u0105zku W\u0119dkarskiego w Werbkowicach.<\/p>\n\n\n\n<blockquote class=\"wp-block-quote is-layout-flow wp-block-quote-is-layout-flow\">\n<p class=\"ticss-8d372700 has-text-color has-link-color has-figtree-font-family has-normal-font-size wp-elements-a702fa18af1911b397b43fa0021eb73e\" style=\"color:#9c3647;padding-right:var(--wp--preset--spacing--30);padding-left:var(--wp--preset--spacing--30)\">Kandyduj\u0119, bo wierz\u0119 \u017ce w\u0142adzom Gminy potrzeba zmiany pokoleniowej i nowoczesnego zarz\u0105dzania. Na co dzie\u0144 jestem przedsi\u0119biorc\u0105. Moje do\u015bwiadczenie zawodowe chcia\u0142bym przeku\u0107 w m\u0105dr\u0105 polityk\u0119 na rzecz rozwoju przedsi\u0119biorczo\u015bci w naszej Gminie.<\/p>\n<\/blockquote>\n<\/div>\n\n\n\n<div class=\"wp-block-column is-layout-flow wp-block-column-is-layout-flow\" style=\"flex-basis:270px\">\n<div class=\"wp-block-group has-ti-bg-alt-background-color has-background has-global-padding is-layout-constrained wp-container-core-group-is-layout-254f1302 wp-block-group-is-layout-constrained\" style=\"border-top-left-radius:160px;border-top-right-radius:0px;border-bottom-left-radius:0px;border-bottom-right-radius:160px;padding-top:0;padding-right:0;padding-bottom:0;padding-left:0\">\n<figure class=\"wp-block-image alignright size-full is-resized has-custom-border is-style-default\"><img loading=\"lazy\" decoding=\"async\" width=\"300\" height=\"450\" src=\"https:\/\/monikapodolak.pl\/wp-content\/uploads\/2024\/02\/ten-ostatni-radny.jpg\" alt=\"\" class=\"has-border-color wp-image-280\" style=\"border-color:#9c3647;border-width:1px;border-top-left-radius:25px;border-top-right-radius:0px;border-bottom-left-radius:0px;border-bottom-right-radius:25px;aspect-ratio:0.6903703703703704;width:261px;height:auto\" srcset=\"https:\/\/monikapodolak.pl\/wp-content\/uploads\/2024\/02\/ten-ostatni-radny.jpg 300w, https:\/\/monikapodolak.pl\/wp-content\/uploads\/2024\/02\/ten-ostatni-radny-200x300.jpg 200w\" sizes=\"auto, (max-width: 300px) 100vw, 300px\" \/><\/figure>\n<\/div>\n<\/div>\n<\/div>\n\n\n\n<div class=\"wp-block-columns alignwide are-vertically-aligned-top has-ti-fg-alt-background-color has-text-color has-background has-link-color wp-elements-9a9fc4890d18fcebde0054ab2b656908\" style=\"color:#9c3647;font-size:16px\">\n<div class=\"wp-block-column is-vertically-aligned-top is-layout-flow wp-block-column-is-layout-flow\">\n<p class=\"has-text-align-center has-text-color has-link-color wp-elements-b22a51fe25586bd2ac200a59a9671fb3\" style=\"color:#9c3647;font-size:26px\">Moje priorytety to:<\/p>\n\n\n\n<ul style=\"color:#9c3647\" class=\"has-text-color has-link-color wp-block-list wp-elements-8ef122bfe6a02afa54a822612b174ab7\">\n<li>budowa i remonty dr\u00f3g gminnych wraz z o\u015bwietleniem<\/li>\n\n\n\n<li>poprawa przejezdno\u015bci dr\u00f3g dojazdowych do p\u00f3l oraz dzia\u0142ania na rzecz melioracji teren\u00f3w<\/li>\n\n\n\n<li>remonty i modernizacja \u015bwietlic wiejskich<\/li>\n\n\n\n<li>wsparcie lokalnych przedsi\u0119biorc\u00f3w.<\/li>\n<\/ul>\n<\/div>\n<\/div>\n<\/div>\n","protected":false},"excerpt":{"rendered":"<p>Lista 20 &#8211; Okr\u0119g 10 &#8211; Pozycja 6 Malice, Kotor\u00f3w, \u0141ysa G\u00f3ra Lat 36, mieszkaniec Kotorowa. \u017bonaty, jedno dziecko. Wykszta\u0142cenie wy\u017csze. Prowadzi w\u0142asn\u0105 dzia\u0142alno\u015b\u0107 gospodarcz\u0105. Interesuje si\u0119 w\u0119dkarstwem. Jest skarbnikiem Ko\u0142a Polskiego Zwi\u0105zku W\u0119dkarskiego w Werbkowicach. Kandyduj\u0119, bo wierz\u0119 \u017ce w\u0142adzom Gminy potrzeba zmiany pokoleniowej i nowoczesnego zarz\u0105dzania. Na co dzie\u0144 jestem przedsi\u0119biorc\u0105. Moje do\u015bwiadczenie [&hellip;]<\/p>\n","protected":false},"author":1,"featured_media":0,"parent":0,"menu_order":0,"comment_status":"closed","ping_status":"closed","template":"","meta":{"_editorskit_title_hidden":false,"_editorskit_reading_time":0,"_editorskit_is_block_options_detached":false,"_editorskit_block_options_position":"{}","_themeisle_gutenberg_block_has_review":false,"footnotes":""},"class_list":["post-278","page","type-page","status-publish","hentry"],"_links":{"self":[{"href":"https:\/\/monikapodolak.pl\/index.php?rest_route=\/wp\/v2\/pages\/278","targetHints":{"allow":["GET"]}}],"collection":[{"href":"https:\/\/monikapodolak.pl\/index.php?rest_route=\/wp\/v2\/pages"}],"about":[{"href":"https:\/\/monikapodolak.pl\/index.php?rest_route=\/wp\/v2\/types\/page"}],"author":[{"embeddable":true,"href":"https:\/\/monikapodolak.pl\/index.php?rest_route=\/wp\/v2\/users\/1"}],"replies":[{"embeddable":true,"href":"https:\/\/monikapodolak.pl\/index.php?rest_route=%2Fwp%2Fv2%2Fcomments&post=278"}],"version-history":[{"count":5,"href":"https:\/\/monikapodolak.pl\/index.php?rest_route=\/wp\/v2\/pages\/278\/revisions"}],"predecessor-version":[{"id":474,"href":"https:\/\/monikapodolak.pl\/index.php?rest_route=\/wp\/v2\/pages\/278\/revisions\/474"}],"wp:attachment":[{"href":"https:\/\/monikapodolak.pl\/index.php?rest_route=%2Fwp%2Fv2%2Fmedia&parent=278"}],"curies":[{"name":"wp","href":"https:\/\/api.w.org\/{rel}","templated":true}]}}