{"id":274,"date":"2024-02-26T16:14:18","date_gmt":"2024-02-26T15:14:18","guid":{"rendered":"https:\/\/monikapodolak.pl\/?page_id=274"},"modified":"2024-03-20T20:52:38","modified_gmt":"2024-03-20T19:52:38","slug":"magdalena-kowalczyk","status":"publish","type":"page","link":"https:\/\/monikapodolak.pl\/?page_id=274","title":{"rendered":"Magdalena Kowalczyk"},"content":{"rendered":"\n<div class=\"wp-block-group alignfull has-global-padding is-layout-constrained wp-container-core-group-is-layout-597b9181 wp-block-group-is-layout-constrained has-background\" style=\"margin-top:17px;margin-bottom:17px;padding-top:0px;padding-bottom:0px;background-image:url(&apos;https:\/\/monikapodolak.pl\/wp-content\/uploads\/2024\/02\/bgr2-scaled.jpg&apos;);background-size:cover;\">\n<div class=\"wp-block-columns alignwide has-ti-fg-alt-background-color has-text-color has-background has-link-color wp-elements-9d84fdff09e721435fced13042d1b755\" style=\"color:#9c3647;margin-top:0;margin-bottom:0;padding-top:0;padding-bottom:0;font-size:16px\">\n<div class=\"wp-block-column has-global-padding is-layout-constrained wp-container-core-column-is-layout-e0082cf6 wp-block-column-is-layout-constrained\">\n<p class=\"has-text-align-center has-text-color has-link-color has-medium-font-size wp-elements-ee1477967b12bb7bf42b2ace4711dc4c\" style=\"color:#9c3647\">Lista 20 &#8211; Okr\u0119g 9 &#8211; Pozycja 7<\/p>\n\n\n\n<p class=\"has-text-align-center has-text-color has-link-color has-small-font-size wp-elements-28038478776f749798ae9bb2ed572e04\" style=\"color:#9c3647\">Hostynne, Hostynne-Kolonia, \u0141ot\u00f3w<\/p>\n\n\n\n<p class=\"has-text-align-left ticss-bc3f6c77 has-text-color has-link-color wp-elements-89756e55a9566626f17080b53b44f110\" style=\"color:#9c3647;padding-top:var(--wp--preset--spacing--40);padding-bottom:var(--wp--preset--spacing--40);font-size:16px\">Lat 42, mieszkanka Hostynnego. Wraz z m\u0119\u017cem prowadzi w\u0142asne gospodarstwo rolne. Aktywnie dzia\u0142a na rzecz lokalnej spo\u0142eczno\u015bci. Jest Przewodnicz\u0105c\u0105 Ko\u0142a Gospody\u0144 Wiejskich \u201eZ\u0142ote Babki\u201d w Hostynnem. W latach 2013-2020 by\u0142a so\u0142tysem wsi Hostynne, a w kadencji 2014-2018 Radn\u0105 Rady Gminy Werbkowice (wiceprzewodnicz\u0105c\u0105 Rady Gminy, przewodnicz\u0105c\u0105 Komisji ds. O\u015bwiaty, Spraw Socjalnych i Samorz\u0105du). Zainteresowania to kulinaria, flora, ksi\u0105\u017cki i film.<\/p>\n\n\n\n<blockquote class=\"wp-block-quote is-layout-flow wp-block-quote-is-layout-flow\">\n<p class=\"ticss-4ac3b411 has-text-color has-link-color has-figtree-font-family has-normal-font-size wp-elements-12bd6bc30c323573fbed1607808bee3c\" style=\"color:#9c3647;padding-right:var(--wp--preset--spacing--30);padding-left:var(--wp--preset--spacing--30)\">Zawsze potrafi\u0142am \u0142\u0105czy\u0107 ludzi i dzia\u0142a\u0107 na rzecz wsp\u00f3lnych cel\u00f3w. Lubi\u0119 ludzi, nie znosz\u0119 braku szacunku i braku empatii. Chcia\u0142abym, aby nawet najmniejsza ojczyzna by\u0142a domem dla ka\u017cdego.<\/p>\n<\/blockquote>\n<\/div>\n\n\n\n<div class=\"wp-block-column is-layout-flow wp-block-column-is-layout-flow\" style=\"flex-basis:270px\">\n<div class=\"wp-block-group has-ti-bg-alt-background-color has-background has-global-padding is-layout-constrained wp-container-core-group-is-layout-254f1302 wp-block-group-is-layout-constrained\" style=\"border-top-left-radius:160px;border-top-right-radius:0px;border-bottom-left-radius:0px;border-bottom-right-radius:160px;padding-top:0;padding-right:0;padding-bottom:0;padding-left:0\">\n<figure class=\"wp-block-image alignright size-full is-resized has-custom-border is-style-default\"><img loading=\"lazy\" decoding=\"async\" width=\"300\" height=\"450\" src=\"https:\/\/monikapodolak.pl\/wp-content\/uploads\/2024\/02\/6-1.jpg\" alt=\"\" class=\"has-border-color wp-image-276\" style=\"border-color:#9c3647;border-width:1px;border-top-left-radius:25px;border-top-right-radius:0px;border-bottom-left-radius:0px;border-bottom-right-radius:25px;aspect-ratio:0.6903703703703704;width:261px;height:auto\" srcset=\"https:\/\/monikapodolak.pl\/wp-content\/uploads\/2024\/02\/6-1.jpg 300w, https:\/\/monikapodolak.pl\/wp-content\/uploads\/2024\/02\/6-1-200x300.jpg 200w\" sizes=\"auto, (max-width: 300px) 100vw, 300px\" \/><\/figure>\n<\/div>\n<\/div>\n<\/div>\n\n\n\n<div class=\"wp-block-columns alignwide are-vertically-aligned-top has-ti-fg-alt-background-color has-text-color has-background has-link-color wp-elements-f1061ccf853397a6569ac3686881cb04\" style=\"color:#9c3647;font-size:16px\">\n<div class=\"wp-block-column is-vertically-aligned-top is-layout-flow wp-block-column-is-layout-flow\">\n<p class=\"has-text-align-center has-text-color has-link-color wp-elements-b22a51fe25586bd2ac200a59a9671fb3\" style=\"color:#9c3647;font-size:26px\">Moje priorytety to:<\/p>\n\n\n\n<ul style=\"color:#9c3647\" class=\"has-text-color has-link-color wp-block-list wp-elements-5cad5262aa64030d0902bba1164caa05\">\n<li>poprawa stanu dr\u00f3g gminnych, w tym drogi do PSZOK Hostynne<\/li>\n\n\n\n<li>poprawa przejezdno\u015bci dr\u00f3g dojazdowych do p\u00f3l oraz dzia\u0142ania na rzecz melioracji teren\u00f3w<\/li>\n\n\n\n<li>urozmaicenie oferty kulturalnej i sportowo-rekreacyjnej dla mieszka\u0144c\u00f3w (w szczeg\u00f3lno\u015bci dla dzieci i&nbsp;m\u0142odzie\u017cy)<\/li>\n\n\n\n<li>remont remizy i zaadoptowane jej na cele \u015bwietlicowe.<\/li>\n<\/ul>\n<\/div>\n<\/div>\n<\/div>\n","protected":false},"excerpt":{"rendered":"<p>Lista 20 &#8211; Okr\u0119g 9 &#8211; Pozycja 7 Hostynne, Hostynne-Kolonia, \u0141ot\u00f3w Lat 42, mieszkanka Hostynnego. Wraz z m\u0119\u017cem prowadzi w\u0142asne gospodarstwo rolne. Aktywnie dzia\u0142a na rzecz lokalnej spo\u0142eczno\u015bci. Jest Przewodnicz\u0105c\u0105 Ko\u0142a Gospody\u0144 Wiejskich \u201eZ\u0142ote Babki\u201d w Hostynnem. W latach 2013-2020 by\u0142a so\u0142tysem wsi Hostynne, a w kadencji 2014-2018 Radn\u0105 Rady Gminy Werbkowice (wiceprzewodnicz\u0105c\u0105 Rady Gminy, [&hellip;]<\/p>\n","protected":false},"author":1,"featured_media":0,"parent":0,"menu_order":0,"comment_status":"closed","ping_status":"closed","template":"","meta":{"_editorskit_title_hidden":false,"_editorskit_reading_time":0,"_editorskit_is_block_options_detached":false,"_editorskit_block_options_position":"{}","_themeisle_gutenberg_block_has_review":false,"footnotes":""},"class_list":["post-274","page","type-page","status-publish","hentry"],"_links":{"self":[{"href":"https:\/\/monikapodolak.pl\/index.php?rest_route=\/wp\/v2\/pages\/274","targetHints":{"allow":["GET"]}}],"collection":[{"href":"https:\/\/monikapodolak.pl\/index.php?rest_route=\/wp\/v2\/pages"}],"about":[{"href":"https:\/\/monikapodolak.pl\/index.php?rest_route=\/wp\/v2\/types\/page"}],"author":[{"embeddable":true,"href":"https:\/\/monikapodolak.pl\/index.php?rest_route=\/wp\/v2\/users\/1"}],"replies":[{"embeddable":true,"href":"https:\/\/monikapodolak.pl\/index.php?rest_route=%2Fwp%2Fv2%2Fcomments&post=274"}],"version-history":[{"count":4,"href":"https:\/\/monikapodolak.pl\/index.php?rest_route=\/wp\/v2\/pages\/274\/revisions"}],"predecessor-version":[{"id":473,"href":"https:\/\/monikapodolak.pl\/index.php?rest_route=\/wp\/v2\/pages\/274\/revisions\/473"}],"wp:attachment":[{"href":"https:\/\/monikapodolak.pl\/index.php?rest_route=%2Fwp%2Fv2%2Fmedia&parent=274"}],"curies":[{"name":"wp","href":"https:\/\/api.w.org\/{rel}","templated":true}]}}