{"id":269,"date":"2024-02-26T16:14:18","date_gmt":"2024-02-26T15:14:18","guid":{"rendered":"https:\/\/monikapodolak.pl\/?page_id=269"},"modified":"2024-03-20T20:52:02","modified_gmt":"2024-03-20T19:52:02","slug":"sylwia-dobrzynska","status":"publish","type":"page","link":"https:\/\/monikapodolak.pl\/?page_id=269","title":{"rendered":"Sylwia Dobrzy\u0144ska"},"content":{"rendered":"\n<div class=\"wp-block-group alignfull has-global-padding is-layout-constrained wp-container-core-group-is-layout-597b9181 wp-block-group-is-layout-constrained has-background\" style=\"margin-top:17px;margin-bottom:17px;padding-top:0px;padding-bottom:0px;background-image:url(&apos;https:\/\/monikapodolak.pl\/wp-content\/uploads\/2024\/02\/bgr2-scaled.jpg&apos;);background-size:cover;\">\n<div class=\"wp-block-columns alignwide has-ti-fg-alt-background-color has-text-color has-background has-link-color wp-elements-987881eab4305e568180f383e95908b0\" style=\"color:#9c3647;margin-top:0;margin-bottom:0;padding-top:0;padding-bottom:0;font-size:16px\">\n<div class=\"wp-block-column has-global-padding is-layout-constrained wp-container-core-column-is-layout-e0082cf6 wp-block-column-is-layout-constrained\">\n<p class=\"has-text-align-center has-text-color has-link-color has-medium-font-size wp-elements-e3ef25e0b4d07a82529d17bd1a2c2a49\" style=\"color:#9c3647\">Lista 20 &#8211; Okr\u0119g 8 &#8211; Pozycja 7<\/p>\n\n\n\n<p class=\"has-text-align-center has-text-color has-link-color has-small-font-size wp-elements-b3f1519120fe9c7430f491015d6cd887\" style=\"color:#9c3647\">Dobromierzyce, Pereso\u0142owice<\/p>\n\n\n\n<p class=\"has-text-align-left ticss-d6fb016f has-text-color has-link-color wp-elements-8975f1ecd1db2177d6b9015673028f5f\" style=\"color:#9c3647;padding-top:var(--wp--preset--spacing--40);padding-bottom:var(--wp--preset--spacing--40);font-size:16px\">Lat 42, mieszkanka Dobromierzyc. M\u0119\u017catka, czworo dzieci. Pracuje jako nauczyciel j\u0119zyka polskiego w Publicznej Szkole Podstawowej w Hostynnem-Kolonii. Wraz z m\u0119\u017cem prowadzi te\u017c w\u0142asne gospodarstwo rolne.  Interesuje si\u0119 histori\u0105 i ogrodnictwem.<\/p>\n\n\n\n<blockquote class=\"wp-block-quote is-layout-flow wp-block-quote-is-layout-flow\">\n<p class=\"ticss-2de640bf has-text-color has-link-color has-figtree-font-family has-normal-font-size wp-elements-d3af3dbd7688813b5701aba328a2690b\" style=\"color:#9c3647;padding-right:var(--wp--preset--spacing--30);padding-left:var(--wp--preset--spacing--30)\">Edukacja to m\u00f3j zaw\u00f3d, ale te\u017c pasja i powo\u0142anie. Jako radna chc\u0119 wykorzysta\u0107 moje do\u015bwiadczenie w obszarze edukacji na rzecz poprawy warunk\u00f3w rozwoju dzieci i m\u0142odzie\u017cy. Kandyduj\u0119, poniewa\u017c wok\u00f3\u0142 dostrzegam wiele obszar\u00f3w, kt\u00f3rymi trzeba si\u0119 zaj\u0105\u0107. B\u0119d\u0105c Radn\u0105, zatroszcz\u0119 si\u0119 o sprawy, kt\u00f3re s\u0105 wa\u017cne dla mieszka\u0144c\u00f3w naszej Gminy.<\/p>\n<\/blockquote>\n<\/div>\n\n\n\n<div class=\"wp-block-column is-layout-flow wp-block-column-is-layout-flow\" style=\"flex-basis:270px\">\n<div class=\"wp-block-group has-ti-bg-alt-background-color has-background has-global-padding is-layout-constrained wp-container-core-group-is-layout-254f1302 wp-block-group-is-layout-constrained\" style=\"border-top-left-radius:160px;border-top-right-radius:0px;border-bottom-left-radius:0px;border-bottom-right-radius:160px;padding-top:0;padding-right:0;padding-bottom:0;padding-left:0\">\n<figure class=\"wp-block-image alignright size-full is-resized has-custom-border is-style-default\"><img loading=\"lazy\" decoding=\"async\" width=\"300\" height=\"450\" src=\"https:\/\/monikapodolak.pl\/wp-content\/uploads\/2024\/02\/7-1.jpg\" alt=\"\" class=\"has-border-color wp-image-271\" style=\"border-color:#9c3647;border-width:1px;border-top-left-radius:25px;border-top-right-radius:0px;border-bottom-left-radius:0px;border-bottom-right-radius:25px;aspect-ratio:0.6903703703703704;width:261px;height:auto\" srcset=\"https:\/\/monikapodolak.pl\/wp-content\/uploads\/2024\/02\/7-1.jpg 300w, https:\/\/monikapodolak.pl\/wp-content\/uploads\/2024\/02\/7-1-200x300.jpg 200w\" sizes=\"auto, (max-width: 300px) 100vw, 300px\" \/><\/figure>\n<\/div>\n<\/div>\n<\/div>\n\n\n\n<div class=\"wp-block-columns alignwide are-vertically-aligned-top has-ti-fg-alt-background-color has-text-color has-background has-link-color wp-elements-6133280cf070893541e9ac392eb3a8c0\" style=\"color:#9c3647;font-size:16px\">\n<div class=\"wp-block-column is-vertically-aligned-top is-layout-flow wp-block-column-is-layout-flow\">\n<p class=\"has-text-align-center has-text-color has-link-color wp-elements-b22a51fe25586bd2ac200a59a9671fb3\" style=\"color:#9c3647;font-size:26px\">Moje priorytety to:<\/p>\n\n\n\n<ul style=\"color:#9c3647\" class=\"has-text-color has-link-color wp-block-list wp-elements-df64ce255df245d729fc5b3caa363cfe\">\n<li>poprawa stanu dr\u00f3g gminnych, wsp\u00f3\u0142praca z Powiatem na rzecz remont\u00f3w dr\u00f3g powiatowych<\/li>\n\n\n\n<li>urozmaicenie oferty kulturalnej i sportowo-rekreacyjnej dla mieszka\u0144c\u00f3w (w szczeg\u00f3lno\u015bci dla dzieci i&nbsp;m\u0142odzie\u017cy)<\/li>\n\n\n\n<li>poprawa przejezdno\u015bci dr\u00f3g dojazdowych do p\u00f3l<\/li>\n\n\n\n<li>lepsze oznakowanie dr\u00f3g i numeracji dom\u00f3w (tablice kierunkowe).<\/li>\n<\/ul>\n<\/div>\n<\/div>\n<\/div>\n","protected":false},"excerpt":{"rendered":"<p>Lista 20 &#8211; Okr\u0119g 8 &#8211; Pozycja 7 Dobromierzyce, Pereso\u0142owice Lat 42, mieszkanka Dobromierzyc. M\u0119\u017catka, czworo dzieci. Pracuje jako nauczyciel j\u0119zyka polskiego w Publicznej Szkole Podstawowej w Hostynnem-Kolonii. Wraz z m\u0119\u017cem prowadzi te\u017c w\u0142asne gospodarstwo rolne. Interesuje si\u0119 histori\u0105 i ogrodnictwem. Edukacja to m\u00f3j zaw\u00f3d, ale te\u017c pasja i powo\u0142anie. Jako radna chc\u0119 wykorzysta\u0107 moje [&hellip;]<\/p>\n","protected":false},"author":1,"featured_media":0,"parent":0,"menu_order":0,"comment_status":"closed","ping_status":"closed","template":"","meta":{"_editorskit_title_hidden":false,"_editorskit_reading_time":0,"_editorskit_is_block_options_detached":false,"_editorskit_block_options_position":"{}","_themeisle_gutenberg_block_has_review":false,"footnotes":""},"class_list":["post-269","page","type-page","status-publish","hentry"],"_links":{"self":[{"href":"https:\/\/monikapodolak.pl\/index.php?rest_route=\/wp\/v2\/pages\/269","targetHints":{"allow":["GET"]}}],"collection":[{"href":"https:\/\/monikapodolak.pl\/index.php?rest_route=\/wp\/v2\/pages"}],"about":[{"href":"https:\/\/monikapodolak.pl\/index.php?rest_route=\/wp\/v2\/types\/page"}],"author":[{"embeddable":true,"href":"https:\/\/monikapodolak.pl\/index.php?rest_route=\/wp\/v2\/users\/1"}],"replies":[{"embeddable":true,"href":"https:\/\/monikapodolak.pl\/index.php?rest_route=%2Fwp%2Fv2%2Fcomments&post=269"}],"version-history":[{"count":4,"href":"https:\/\/monikapodolak.pl\/index.php?rest_route=\/wp\/v2\/pages\/269\/revisions"}],"predecessor-version":[{"id":472,"href":"https:\/\/monikapodolak.pl\/index.php?rest_route=\/wp\/v2\/pages\/269\/revisions\/472"}],"wp:attachment":[{"href":"https:\/\/monikapodolak.pl\/index.php?rest_route=%2Fwp%2Fv2%2Fmedia&parent=269"}],"curies":[{"name":"wp","href":"https:\/\/api.w.org\/{rel}","templated":true}]}}