{"id":264,"date":"2024-02-26T16:14:18","date_gmt":"2024-02-26T15:14:18","guid":{"rendered":"https:\/\/monikapodolak.pl\/?page_id=264"},"modified":"2024-03-20T20:50:48","modified_gmt":"2024-03-20T19:50:48","slug":"bogdan-zdzislaw-skrzypczak","status":"publish","type":"page","link":"https:\/\/monikapodolak.pl\/?page_id=264","title":{"rendered":"Bogdan Zdzis\u0142aw Skrzypczak"},"content":{"rendered":"\n<div class=\"wp-block-group alignfull has-global-padding is-layout-constrained wp-container-core-group-is-layout-597b9181 wp-block-group-is-layout-constrained has-background\" style=\"margin-top:17px;margin-bottom:17px;padding-top:0px;padding-bottom:0px;background-image:url(&apos;https:\/\/monikapodolak.pl\/wp-content\/uploads\/2024\/02\/bgr2-scaled.jpg&apos;);background-size:cover;\">\n<div class=\"wp-block-columns alignwide has-ti-fg-alt-background-color has-text-color has-background has-link-color wp-elements-f2aad925e8be31e2eb70ce4fc1109b6c\" style=\"color:#9c3647;margin-top:0;margin-bottom:0;padding-top:0;padding-bottom:0;font-size:16px\">\n<div class=\"wp-block-column has-global-padding is-layout-constrained wp-container-core-column-is-layout-e0082cf6 wp-block-column-is-layout-constrained\">\n<p class=\"has-text-align-center has-text-color has-link-color has-medium-font-size wp-elements-a5c9f50eb5808ff22cf00746d10eedd9\" style=\"color:#9c3647\">Lista 20 &#8211; Okr\u0119g 7 &#8211; Pozycja 7<\/p>\n\n\n\n<p class=\"has-text-align-center has-text-color has-link-color has-small-font-size wp-elements-bc7e94336990c18d560a4025b6809d39\" style=\"color:#9c3647\">Alojz\u00f3w, Gozd\u00f3w: 155 &#8211; 171, 186, 188, 194<\/p>\n\n\n\n<p class=\"has-text-align-left ticss-569aea39 has-text-color has-link-color wp-elements-d6f7d485d67a67cb5b876bdd41ba6eef\" style=\"color:#9c3647;padding-top:var(--wp--preset--spacing--40);padding-bottom:var(--wp--preset--spacing--40);font-size:16px\">66 lat, mieszkaniec Alojzowa. Wykszta\u0142cenie \u015brednie, \u017conaty, dwoje dzieci. Emeryt. Jest cz\u0142onkiem Ochotniczej Stra\u017cy Po\u017carnej w Alojzowie. W latach 2010-2014 pe\u0142ni\u0142 funkcj\u0119 Radnego Rady Gminy Werbkowice. Obecnie jest aktywnym seniorem. Interesuje si\u0119 motoryzacj\u0105. Jest cz\u0142onkiem Polskiego Stronnictwa Ludowego.<\/p>\n\n\n\n<blockquote class=\"wp-block-quote is-layout-flow wp-block-quote-is-layout-flow\">\n<p class=\"ticss-89f3614d has-text-color has-link-color has-figtree-font-family has-normal-font-size wp-elements-17cca6a66acdb3652f1ed906ed808bec\" style=\"color:#9c3647;padding-right:var(--wp--preset--spacing--30);padding-left:var(--wp--preset--spacing--30)\">W Radzie Gminy chcia\u0142bym zadba\u0107 o sprawy mieszka\u0144c\u00f3w, ze szczeg\u00f3lnym uwzgl\u0119dnieniem g\u0142osu senior\u00f3w. Zale\u017cy mi na wsp\u00f3\u0142pracy mi\u0119dzypokoleniowej, aby aktywizowa\u0107 senior\u00f3w i sprawi\u0107, aby czuli si\u0119 potrzebni. Sw\u00f3j wolny czas chc\u0119 przeznaczy\u0107 na dbanie o sprawy naszej lokalnej spo\u0142eczno\u015bci.<\/p>\n<\/blockquote>\n<\/div>\n\n\n\n<div class=\"wp-block-column is-layout-flow wp-block-column-is-layout-flow\" style=\"flex-basis:270px\">\n<div class=\"wp-block-group has-ti-bg-alt-background-color has-background has-global-padding is-layout-constrained wp-container-core-group-is-layout-254f1302 wp-block-group-is-layout-constrained\" style=\"border-top-left-radius:160px;border-top-right-radius:0px;border-bottom-left-radius:0px;border-bottom-right-radius:160px;padding-top:0;padding-right:0;padding-bottom:0;padding-left:0\">\n<figure class=\"wp-block-image alignright size-full is-resized has-custom-border is-style-default\"><img loading=\"lazy\" decoding=\"async\" width=\"300\" height=\"450\" src=\"https:\/\/monikapodolak.pl\/wp-content\/uploads\/2024\/02\/9-1.jpg\" alt=\"\" class=\"has-border-color wp-image-267\" style=\"border-color:#9c3647;border-width:1px;border-top-left-radius:25px;border-top-right-radius:0px;border-bottom-left-radius:0px;border-bottom-right-radius:25px;aspect-ratio:0.6903703703703704;width:261px;height:auto\" srcset=\"https:\/\/monikapodolak.pl\/wp-content\/uploads\/2024\/02\/9-1.jpg 300w, https:\/\/monikapodolak.pl\/wp-content\/uploads\/2024\/02\/9-1-200x300.jpg 200w\" sizes=\"auto, (max-width: 300px) 100vw, 300px\" \/><\/figure>\n<\/div>\n<\/div>\n<\/div>\n\n\n\n<div class=\"wp-block-columns alignwide are-vertically-aligned-top has-ti-fg-alt-background-color has-text-color has-background has-link-color wp-elements-2e51b8401ff25ce8c79c5f431477c346\" style=\"color:#9c3647;font-size:16px\">\n<div class=\"wp-block-column is-vertically-aligned-top is-layout-flow wp-block-column-is-layout-flow\">\n<p class=\"has-text-align-center has-text-color has-link-color wp-elements-b22a51fe25586bd2ac200a59a9671fb3\" style=\"color:#9c3647;font-size:26px\">Moje priorytety to:<\/p>\n\n\n\n<ul style=\"color:#9c3647\" class=\"has-text-color has-link-color wp-block-list wp-elements-19ae56c4e594a122b3bb9048cbf48645\">\n<li>poprawa stanu dr\u00f3g i o\u015bwietlenia na terenie Gminy, w tym remont drogi przy OREW w&nbsp;Alojzowie oraz drogi na ostojniki<\/li>\n\n\n\n<li>remont \u015bwietlicy w Alojzowie \u2013 wymiana pod\u0142ogi<\/li>\n\n\n\n<li>wsparcie dzia\u0142a\u0144 na rzecz senior\u00f3w.<\/li>\n<\/ul>\n<\/div>\n<\/div>\n<\/div>\n","protected":false},"excerpt":{"rendered":"<p>Lista 20 &#8211; Okr\u0119g 7 &#8211; Pozycja 7 Alojz\u00f3w, Gozd\u00f3w: 155 &#8211; 171, 186, 188, 194 66 lat, mieszkaniec Alojzowa. Wykszta\u0142cenie \u015brednie, \u017conaty, dwoje dzieci. Emeryt. Jest cz\u0142onkiem Ochotniczej Stra\u017cy Po\u017carnej w Alojzowie. W latach 2010-2014 pe\u0142ni\u0142 funkcj\u0119 Radnego Rady Gminy Werbkowice. Obecnie jest aktywnym seniorem. Interesuje si\u0119 motoryzacj\u0105. Jest cz\u0142onkiem Polskiego Stronnictwa Ludowego. W [&hellip;]<\/p>\n","protected":false},"author":1,"featured_media":0,"parent":0,"menu_order":0,"comment_status":"closed","ping_status":"closed","template":"","meta":{"_editorskit_title_hidden":false,"_editorskit_reading_time":0,"_editorskit_is_block_options_detached":false,"_editorskit_block_options_position":"{}","_themeisle_gutenberg_block_has_review":false,"footnotes":""},"class_list":["post-264","page","type-page","status-publish","hentry"],"_links":{"self":[{"href":"https:\/\/monikapodolak.pl\/index.php?rest_route=\/wp\/v2\/pages\/264","targetHints":{"allow":["GET"]}}],"collection":[{"href":"https:\/\/monikapodolak.pl\/index.php?rest_route=\/wp\/v2\/pages"}],"about":[{"href":"https:\/\/monikapodolak.pl\/index.php?rest_route=\/wp\/v2\/types\/page"}],"author":[{"embeddable":true,"href":"https:\/\/monikapodolak.pl\/index.php?rest_route=\/wp\/v2\/users\/1"}],"replies":[{"embeddable":true,"href":"https:\/\/monikapodolak.pl\/index.php?rest_route=%2Fwp%2Fv2%2Fcomments&post=264"}],"version-history":[{"count":4,"href":"https:\/\/monikapodolak.pl\/index.php?rest_route=\/wp\/v2\/pages\/264\/revisions"}],"predecessor-version":[{"id":471,"href":"https:\/\/monikapodolak.pl\/index.php?rest_route=\/wp\/v2\/pages\/264\/revisions\/471"}],"wp:attachment":[{"href":"https:\/\/monikapodolak.pl\/index.php?rest_route=%2Fwp%2Fv2%2Fmedia&parent=264"}],"curies":[{"name":"wp","href":"https:\/\/api.w.org\/{rel}","templated":true}]}}