{"id":260,"date":"2024-02-26T16:14:18","date_gmt":"2024-02-26T15:14:18","guid":{"rendered":"https:\/\/monikapodolak.pl\/?page_id=260"},"modified":"2024-03-20T20:47:40","modified_gmt":"2024-03-20T19:47:40","slug":"aneta-monika-tauz","status":"publish","type":"page","link":"https:\/\/monikapodolak.pl\/?page_id=260","title":{"rendered":"Aneta Monika Tauz"},"content":{"rendered":"\n<div class=\"wp-block-group alignfull has-global-padding is-layout-constrained wp-container-core-group-is-layout-597b9181 wp-block-group-is-layout-constrained has-background\" style=\"margin-top:17px;margin-bottom:17px;padding-top:0px;padding-bottom:0px;background-image:url(&apos;https:\/\/monikapodolak.pl\/wp-content\/uploads\/2024\/02\/bgr2-scaled.jpg&apos;);background-size:cover;\">\n<div class=\"wp-block-columns alignwide has-ti-fg-alt-background-color has-text-color has-background has-link-color wp-elements-2da0026054ce4c229aa5b401ebb4074c\" style=\"color:#9c3647;margin-top:0;margin-bottom:0;padding-top:0;padding-bottom:0;font-size:16px\">\n<div class=\"wp-block-column has-global-padding is-layout-constrained wp-container-core-column-is-layout-e0082cf6 wp-block-column-is-layout-constrained\">\n<p class=\"has-text-align-center has-text-color has-link-color has-medium-font-size wp-elements-5acc53b7fac89c4d5d6fdaa1db2c9b7e\" style=\"color:#9c3647\">Lista 20 &#8211; Okr\u0119g 5 &#8211; Pozycja 7<\/p>\n\n\n\n<p class=\"has-text-align-center has-text-color has-link-color has-small-font-size wp-elements-04e7c99f3999e93dad339036252e87f8\" style=\"color:#9c3647\">Podhorce, Wilk\u00f3w<\/p>\n\n\n\n<p class=\"has-text-align-left ticss-e9fed71e has-text-color has-link-color wp-elements-94957ea13d8ad63bd24e27fde130cbb1\" style=\"color:#9c3647;padding-top:var(--wp--preset--spacing--40);padding-bottom:var(--wp--preset--spacing--40);font-size:16px\">Lat 41, mieszkanka Podhorzec, mama tr\u00f3jki dzieci. Wykszta\u0142cenie \u015brednie. Prowadzi w\u0142asne gospodarstwo rolne. Jest cz\u0142onkini\u0105 Ko\u0142a Gospody\u0144 Wiejskich \u201eOdlotowe Agentki\u201d w Podhorcach oraz Ochotniczej Stra\u017cy Po\u017carnej. Lubi ksi\u0105\u017cki i filmy.<\/p>\n\n\n\n<blockquote class=\"wp-block-quote is-layout-flow wp-block-quote-is-layout-flow\">\n<p class=\"ticss-cb0040af has-text-color has-link-color has-figtree-font-family has-normal-font-size wp-elements-2b239364cf27cd937b62c114bfa7f022\" style=\"color:#9c3647;padding-right:var(--wp--preset--spacing--30);padding-left:var(--wp--preset--spacing--30)\">Chc\u0119 pracowa\u0107 na rzecz lokalnej spo\u0142eczno\u015bci. Lubi\u0119 dzia\u0142a\u0107 i wykorzystywa\u0107 czas do maksimum \u2013 nie chc\u0119 marnowa\u0107 go na narzekanie, \u017ce jest nie tak, skoro mog\u0119 co\u015b z tym zrobi\u0107. Mam \u015bwie\u017ce spojrzenie na Gmin\u0119, chcia\u0142abym po\u0142\u0105czy\u0107 jej tradycyjne warto\u015bci z wyzwaniami naszych czas\u00f3w.<\/p>\n<\/blockquote>\n<\/div>\n\n\n\n<div class=\"wp-block-column is-layout-flow wp-block-column-is-layout-flow\" style=\"flex-basis:270px\">\n<div class=\"wp-block-group has-ti-bg-alt-background-color has-background has-global-padding is-layout-constrained wp-container-core-group-is-layout-254f1302 wp-block-group-is-layout-constrained\" style=\"border-top-left-radius:160px;border-top-right-radius:0px;border-bottom-left-radius:0px;border-bottom-right-radius:160px;padding-top:0;padding-right:0;padding-bottom:0;padding-left:0\">\n<figure class=\"wp-block-image alignright size-full is-resized has-custom-border is-style-default\"><img loading=\"lazy\" decoding=\"async\" width=\"300\" height=\"450\" src=\"https:\/\/monikapodolak.pl\/wp-content\/uploads\/2024\/02\/12-1.jpg\" alt=\"\" class=\"has-border-color wp-image-252\" style=\"border-color:#9c3647;border-width:1px;border-top-left-radius:25px;border-top-right-radius:0px;border-bottom-left-radius:0px;border-bottom-right-radius:25px;aspect-ratio:0.6903703703703704;width:261px;height:auto\" srcset=\"https:\/\/monikapodolak.pl\/wp-content\/uploads\/2024\/02\/12-1.jpg 300w, https:\/\/monikapodolak.pl\/wp-content\/uploads\/2024\/02\/12-1-200x300.jpg 200w\" sizes=\"auto, (max-width: 300px) 100vw, 300px\" \/><\/figure>\n<\/div>\n<\/div>\n<\/div>\n\n\n\n<div class=\"wp-block-columns alignwide are-vertically-aligned-top has-ti-fg-alt-background-color has-text-color has-background has-link-color wp-elements-4a53ba1e1df751d03680c594ae548c81\" style=\"color:#9c3647;font-size:16px\">\n<div class=\"wp-block-column is-vertically-aligned-top is-layout-flow wp-block-column-is-layout-flow\">\n<p class=\"has-text-align-center has-text-color has-link-color wp-elements-b22a51fe25586bd2ac200a59a9671fb3\" style=\"color:#9c3647;font-size:26px\">Moje priorytety to:<\/p>\n\n\n\n<ul style=\"color:#9c3647\" class=\"has-text-color has-link-color wp-block-list wp-elements-b79ae5a9b84df265593ea89854307a3f\">\n<li>poprawa stanu dr\u00f3g gminnych, <\/li>\n\n\n\n<li>wsp\u00f3\u0142praca z Powiatem na rzecz remont\u00f3w dr\u00f3g powiatowych<\/li>\n\n\n\n<li>atrakcyjna oferta kulturalna i sportowo-rekreacyjna dla mieszka\u0144c\u00f3w<\/li>\n\n\n\n<li>wi\u0119ksza integracja mi\u0119dzypokoleniowa.<\/li>\n<\/ul>\n<\/div>\n<\/div>\n<\/div>\n","protected":false},"excerpt":{"rendered":"<p>Lista 20 &#8211; Okr\u0119g 5 &#8211; Pozycja 7 Podhorce, Wilk\u00f3w Lat 41, mieszkanka Podhorzec, mama tr\u00f3jki dzieci. Wykszta\u0142cenie \u015brednie. Prowadzi w\u0142asne gospodarstwo rolne. Jest cz\u0142onkini\u0105 Ko\u0142a Gospody\u0144 Wiejskich \u201eOdlotowe Agentki\u201d w Podhorcach oraz Ochotniczej Stra\u017cy Po\u017carnej. Lubi ksi\u0105\u017cki i filmy. Chc\u0119 pracowa\u0107 na rzecz lokalnej spo\u0142eczno\u015bci. Lubi\u0119 dzia\u0142a\u0107 i wykorzystywa\u0107 czas do maksimum \u2013 nie [&hellip;]<\/p>\n","protected":false},"author":1,"featured_media":0,"parent":0,"menu_order":0,"comment_status":"closed","ping_status":"closed","template":"","meta":{"_editorskit_title_hidden":false,"_editorskit_reading_time":0,"_editorskit_is_block_options_detached":false,"_editorskit_block_options_position":"{}","_themeisle_gutenberg_block_has_review":false,"footnotes":""},"class_list":["post-260","page","type-page","status-publish","hentry"],"_links":{"self":[{"href":"https:\/\/monikapodolak.pl\/index.php?rest_route=\/wp\/v2\/pages\/260","targetHints":{"allow":["GET"]}}],"collection":[{"href":"https:\/\/monikapodolak.pl\/index.php?rest_route=\/wp\/v2\/pages"}],"about":[{"href":"https:\/\/monikapodolak.pl\/index.php?rest_route=\/wp\/v2\/types\/page"}],"author":[{"embeddable":true,"href":"https:\/\/monikapodolak.pl\/index.php?rest_route=\/wp\/v2\/users\/1"}],"replies":[{"embeddable":true,"href":"https:\/\/monikapodolak.pl\/index.php?rest_route=%2Fwp%2Fv2%2Fcomments&post=260"}],"version-history":[{"count":4,"href":"https:\/\/monikapodolak.pl\/index.php?rest_route=\/wp\/v2\/pages\/260\/revisions"}],"predecessor-version":[{"id":469,"href":"https:\/\/monikapodolak.pl\/index.php?rest_route=\/wp\/v2\/pages\/260\/revisions\/469"}],"wp:attachment":[{"href":"https:\/\/monikapodolak.pl\/index.php?rest_route=%2Fwp%2Fv2%2Fmedia&parent=260"}],"curies":[{"name":"wp","href":"https:\/\/api.w.org\/{rel}","templated":true}]}}