{"id":250,"date":"2024-02-26T16:14:18","date_gmt":"2024-02-26T15:14:18","guid":{"rendered":"https:\/\/monikapodolak.pl\/?page_id=250"},"modified":"2024-03-20T20:49:55","modified_gmt":"2024-03-20T19:49:55","slug":"ewa-krystyna-dlugosz","status":"publish","type":"page","link":"https:\/\/monikapodolak.pl\/?page_id=250","title":{"rendered":"Ewa Krystyna D\u0142ugosz"},"content":{"rendered":"\n<div class=\"wp-block-group alignfull has-global-padding is-layout-constrained wp-container-core-group-is-layout-597b9181 wp-block-group-is-layout-constrained has-background\" style=\"margin-top:17px;margin-bottom:17px;padding-top:0px;padding-bottom:0px;background-image:url(&apos;https:\/\/monikapodolak.pl\/wp-content\/uploads\/2024\/02\/bgr2-scaled.jpg&apos;);background-size:cover;\">\n<div class=\"wp-block-columns alignwide has-ti-fg-alt-background-color has-text-color has-background has-link-color wp-elements-032fe8c4a99d4f2cd4ea862ab48f3775\" style=\"color:#9c3647;margin-top:0;margin-bottom:0;padding-top:0;padding-bottom:0;font-size:16px\">\n<div class=\"wp-block-column has-global-padding is-layout-constrained wp-container-core-column-is-layout-e0082cf6 wp-block-column-is-layout-constrained\">\n<p class=\"has-text-align-center has-text-color has-link-color has-medium-font-size wp-elements-7809ef85769617c780043a9edc583936\" style=\"color:#9c3647\">Lista 20 &#8211; Okr\u0119g 6 &#8211; Pozycja 4<\/p>\n\n\n\n<p class=\"has-text-align-center has-text-color has-link-color has-small-font-size wp-elements-c9997777871a013bc782f15a10f62d77\" style=\"color:#9c3647\">Gozd\u00f3w: 1 &#8211; 154, 172 &#8211; 185, 187, 189 &#8211; 193, 193a, 195 &#8211; 197<\/p>\n\n\n\n<p class=\"has-text-align-left ticss-427f9ab3 has-text-color has-link-color wp-elements-82e0d11d2059113b030911b21d0453c7\" style=\"color:#9c3647;padding-top:var(--wp--preset--spacing--40);padding-bottom:var(--wp--preset--spacing--40);font-size:16px\">lat 43, zamieszka\u0142a w Gozdowie. M\u0119\u017catka, troje dzieci. Wykszta\u0142cenie \u015brednie techniczne. Pracuje w Betasoap Tyszowce. Zainteresowania to muzyka i gotowanie.<\/p>\n\n\n\n<blockquote class=\"wp-block-quote is-layout-flow wp-block-quote-is-layout-flow\">\n<p class=\"ticss-5e3315a8 has-text-color has-link-color has-figtree-font-family has-normal-font-size wp-elements-eda0d2bdaaccbf41ab02f5440debc0a0\" style=\"color:#9c3647;padding-right:var(--wp--preset--spacing--30);padding-left:var(--wp--preset--spacing--30)\">W Gminie Werbkowice mieszkam od urodzenia i jako radna chc\u0119 zadba\u0107 o to, aby Gmina by\u0142a fajnym miejscem. B\u0119d\u0119 dba\u0107 o to, aby mieszka\u0144com \u017cy\u0142o si\u0119 lepiej i by zadania by\u0142y realizowane zgodnie z ich wol\u0105.<\/p>\n<\/blockquote>\n<\/div>\n\n\n\n<div class=\"wp-block-column is-layout-flow wp-block-column-is-layout-flow\" style=\"flex-basis:270px\">\n<div class=\"wp-block-group has-ti-bg-alt-background-color has-background has-global-padding is-layout-constrained wp-container-core-group-is-layout-254f1302 wp-block-group-is-layout-constrained\" style=\"border-top-left-radius:160px;border-top-right-radius:0px;border-bottom-left-radius:0px;border-bottom-right-radius:160px;padding-top:0;padding-right:0;padding-bottom:0;padding-left:0\">\n<figure class=\"wp-block-image alignright size-full is-resized has-custom-border is-style-default\"><img loading=\"lazy\" decoding=\"async\" width=\"300\" height=\"450\" src=\"https:\/\/monikapodolak.pl\/wp-content\/uploads\/2024\/02\/5-1.jpg\" alt=\"\" class=\"has-border-color wp-image-262\" style=\"border-color:#9c3647;border-width:1px;border-top-left-radius:25px;border-top-right-radius:0px;border-bottom-left-radius:0px;border-bottom-right-radius:25px;aspect-ratio:0.6903703703703704;width:261px;height:auto\" srcset=\"https:\/\/monikapodolak.pl\/wp-content\/uploads\/2024\/02\/5-1.jpg 300w, https:\/\/monikapodolak.pl\/wp-content\/uploads\/2024\/02\/5-1-200x300.jpg 200w\" sizes=\"auto, (max-width: 300px) 100vw, 300px\" \/><\/figure>\n<\/div>\n<\/div>\n<\/div>\n\n\n\n<div class=\"wp-block-columns alignwide are-vertically-aligned-top has-ti-fg-alt-background-color has-text-color has-background has-link-color wp-elements-c93810e8ab6cfb3ffef308e041f5a3b3\" style=\"color:#9c3647;font-size:16px\">\n<div class=\"wp-block-column is-vertically-aligned-top is-layout-flow wp-block-column-is-layout-flow\">\n<p class=\"has-text-align-center has-text-color has-link-color wp-elements-b22a51fe25586bd2ac200a59a9671fb3\" style=\"color:#9c3647;font-size:26px\">Moje priorytety to:<\/p>\n\n\n\n<ul style=\"color:#9c3647\" class=\"has-text-color has-link-color wp-block-list wp-elements-b58aada98cd10e41aedc45136e3d8277\">\n<li>poprawa stanu dr\u00f3g gminnych<\/li>\n\n\n\n<li>wsp\u00f3\u0142praca z Powiatem na rzecz remont\u00f3w dr\u00f3g powiatowych<\/li>\n\n\n\n<li>budowa \u015bcie\u017cek rowerowych<\/li>\n\n\n\n<li>urozmaicenie oferty kulturalnej i sportowo-rekreacyjnej dla mieszka\u0144c\u00f3w (w szczeg\u00f3lno\u015bci dla dzieci i&nbsp;m\u0142odzie\u017cy).<\/li>\n<\/ul>\n<\/div>\n<\/div>\n<\/div>\n","protected":false},"excerpt":{"rendered":"<p>Lista 20 &#8211; Okr\u0119g 6 &#8211; Pozycja 4 Gozd\u00f3w: 1 &#8211; 154, 172 &#8211; 185, 187, 189 &#8211; 193, 193a, 195 &#8211; 197 lat 43, zamieszka\u0142a w Gozdowie. M\u0119\u017catka, troje dzieci. Wykszta\u0142cenie \u015brednie techniczne. Pracuje w Betasoap Tyszowce. Zainteresowania to muzyka i gotowanie. W Gminie Werbkowice mieszkam od urodzenia i jako radna chc\u0119 zadba\u0107 o [&hellip;]<\/p>\n","protected":false},"author":1,"featured_media":0,"parent":0,"menu_order":0,"comment_status":"closed","ping_status":"closed","template":"","meta":{"_editorskit_title_hidden":false,"_editorskit_reading_time":0,"_editorskit_is_block_options_detached":false,"_editorskit_block_options_position":"{}","_themeisle_gutenberg_block_has_review":false,"footnotes":""},"class_list":["post-250","page","type-page","status-publish","hentry"],"_links":{"self":[{"href":"https:\/\/monikapodolak.pl\/index.php?rest_route=\/wp\/v2\/pages\/250","targetHints":{"allow":["GET"]}}],"collection":[{"href":"https:\/\/monikapodolak.pl\/index.php?rest_route=\/wp\/v2\/pages"}],"about":[{"href":"https:\/\/monikapodolak.pl\/index.php?rest_route=\/wp\/v2\/types\/page"}],"author":[{"embeddable":true,"href":"https:\/\/monikapodolak.pl\/index.php?rest_route=\/wp\/v2\/users\/1"}],"replies":[{"embeddable":true,"href":"https:\/\/monikapodolak.pl\/index.php?rest_route=%2Fwp%2Fv2%2Fcomments&post=250"}],"version-history":[{"count":6,"href":"https:\/\/monikapodolak.pl\/index.php?rest_route=\/wp\/v2\/pages\/250\/revisions"}],"predecessor-version":[{"id":470,"href":"https:\/\/monikapodolak.pl\/index.php?rest_route=\/wp\/v2\/pages\/250\/revisions\/470"}],"wp:attachment":[{"href":"https:\/\/monikapodolak.pl\/index.php?rest_route=%2Fwp%2Fv2%2Fmedia&parent=250"}],"curies":[{"name":"wp","href":"https:\/\/api.w.org\/{rel}","templated":true}]}}