{"id":245,"date":"2024-02-26T16:14:18","date_gmt":"2024-02-26T15:14:18","guid":{"rendered":"https:\/\/monikapodolak.pl\/?page_id=245"},"modified":"2024-03-20T20:46:44","modified_gmt":"2024-03-20T19:46:44","slug":"maciej-marycy-buczynski","status":"publish","type":"page","link":"https:\/\/monikapodolak.pl\/?page_id=245","title":{"rendered":"Maciej Maurycy Buczy\u0144ski"},"content":{"rendered":"\n<div class=\"wp-block-group alignfull has-global-padding is-layout-constrained wp-container-core-group-is-layout-597b9181 wp-block-group-is-layout-constrained has-background\" style=\"margin-top:17px;margin-bottom:17px;padding-top:0px;padding-bottom:0px;background-image:url(&apos;https:\/\/monikapodolak.pl\/wp-content\/uploads\/2024\/02\/bgr2-scaled.jpg&apos;);background-size:cover;\">\n<div class=\"wp-block-columns alignwide has-ti-fg-alt-background-color has-text-color has-background has-link-color wp-elements-60a27107cd34b11f0b8ac4d926165024\" style=\"color:#9c3647;margin-top:0;margin-bottom:0;padding-top:0;padding-bottom:0;font-size:16px\">\n<div class=\"wp-block-column has-global-padding is-layout-constrained wp-container-core-column-is-layout-e0082cf6 wp-block-column-is-layout-constrained\">\n<p class=\"has-text-align-center has-text-color has-link-color has-medium-font-size wp-elements-325e2e011139eec52800302b4244fbfa\" style=\"color:#9c3647\">Lista 20 &#8211; Okr\u0119g 4 &#8211; Pozycja 7<\/p>\n\n\n\n<p class=\"has-text-align-center has-text-color has-link-color has-small-font-size wp-elements-7ec5d98b26017af9a3b96649eaf4fc8f\" style=\"color:#9c3647\">Konopne, Werbkowice &#8211; ulice: Parkowa, Pi\u0142sudskiego J\u00f3zefa, 3 Maja, Wojska Polskiego, Reja Miko\u0142aja, Kolejowa, Prusa, Ogrodowa<\/p>\n\n\n\n<p class=\"has-text-align-left ticss-0b155de5 has-text-color has-link-color wp-elements-feed13214e48883f0f17c654b5949715\" style=\"color:#9c3647;padding-top:var(--wp--preset--spacing--40);padding-bottom:var(--wp--preset--spacing--40);font-size:16px\">Lat 69, mieszkaniec Werbkowic, kawaler. Wykszta\u0142cenie \u015brednie. Obecnie jest na emeryturze. Od wielu lat aktywnie anga\u017cuje si\u0119 w sprawy samorz\u0105du Gminy Werbkowice. W latach 1996 &#8211; 2016 by\u0142 so\u0142tysem Kotorowa, od 2018 roku pe\u0142ni funkcj\u0119 Radnego w&nbsp;Radzie Gminy Werbkowice. Interesuje si\u0119 turystyk\u0105 i&nbsp;rekreacj\u0105.<\/p>\n\n\n\n<blockquote class=\"wp-block-quote is-layout-flow wp-block-quote-is-layout-flow\">\n<p class=\"ticss-7d376bd3 has-text-color has-link-color has-figtree-font-family has-normal-font-size wp-elements-2a4aefb872781614cd0ae2374181305f\" style=\"color:#9c3647;padding-right:var(--wp--preset--spacing--30);padding-left:var(--wp--preset--spacing--30)\">W poczuciu odpowiedzialno\u015bci o nasz\u0105 wsp\u00f3ln\u0105 przysz\u0142o\u015b\u0107, w&nbsp;nadchodz\u0105cych wyborach b\u0119d\u0119 ponownie ubiega\u0142 si\u0119 o sprawowanie funkcji Radnego Gminy Werbkowice. &nbsp;Chc\u0119 by\u0107 g\u0142osem mieszka\u0144c\u00f3w i&nbsp;reprezentowa\u0107 ich sprawy. Rozmowa i&nbsp;wymiana spostrze\u017ce\u0144 gwarantuje to, \u017ce podejmowane decyzje b\u0119d\u0105 lepiej przemy\u015blane i bardziej dostosowane do potrzeb mieszka\u0144c\u00f3w.<\/p>\n<\/blockquote>\n<\/div>\n\n\n\n<div class=\"wp-block-column is-layout-flow wp-block-column-is-layout-flow\" style=\"flex-basis:270px\">\n<div class=\"wp-block-group has-ti-bg-alt-background-color has-background has-global-padding is-layout-constrained wp-container-core-group-is-layout-254f1302 wp-block-group-is-layout-constrained\" style=\"border-top-left-radius:160px;border-top-right-radius:0px;border-bottom-left-radius:0px;border-bottom-right-radius:160px;padding-top:0;padding-right:0;padding-bottom:0;padding-left:0\">\n<figure class=\"wp-block-image alignright size-full is-resized has-custom-border is-style-default\"><img loading=\"lazy\" decoding=\"async\" width=\"300\" height=\"450\" src=\"https:\/\/monikapodolak.pl\/wp-content\/uploads\/2024\/02\/11-1.jpg\" alt=\"\" class=\"has-border-color wp-image-255\" style=\"border-color:#9c3647;border-width:1px;border-top-left-radius:25px;border-top-right-radius:0px;border-bottom-left-radius:0px;border-bottom-right-radius:25px;aspect-ratio:0.6903703703703704;width:261px;height:auto\" srcset=\"https:\/\/monikapodolak.pl\/wp-content\/uploads\/2024\/02\/11-1.jpg 300w, https:\/\/monikapodolak.pl\/wp-content\/uploads\/2024\/02\/11-1-200x300.jpg 200w\" sizes=\"auto, (max-width: 300px) 100vw, 300px\" \/><\/figure>\n<\/div>\n<\/div>\n<\/div>\n\n\n\n<div class=\"wp-block-columns alignwide are-vertically-aligned-top has-ti-fg-alt-background-color has-text-color has-background has-link-color wp-elements-005648406031f300cd080eebf92f1029\" style=\"color:#9c3647;font-size:16px\">\n<div class=\"wp-block-column is-vertically-aligned-top is-layout-flow wp-block-column-is-layout-flow\">\n<p class=\"has-text-align-center has-text-color has-link-color wp-elements-b22a51fe25586bd2ac200a59a9671fb3\" style=\"color:#9c3647;font-size:26px\">Moje priorytety to:<\/p>\n\n\n\n<ul style=\"color:#9c3647\" class=\"has-text-color has-link-color wp-block-list wp-elements-9a77d3819916570dd4adb987cedd1788\">\n<li>poprawa stanu dr\u00f3g i o\u015bwietlenia na terenie Gminy, w tym budowa ulicy Reja, lepszy dojazd do stacji PKP Werbkowice oraz dzia\u0142ania na rzecz budowy infrastruktury technicznej przy ul.&nbsp;Ogrodowej<\/li>\n\n\n\n<li>budowa remizy OSP w Werbkowicach<\/li>\n\n\n\n<li>dzia\u0142ania na rzecz utworzenia Dziennego Domu Pobytu dla Senior\u00f3w<\/li>\n\n\n\n<li>dba\u0142o\u015b\u0107 o porz\u0105dek oraz utrzymanie zieleni na terenie Gminy<\/li>\n\n\n\n<li>poprawa stanu chodnika przy Targowisku \u201eM\u00f3j Rynek\u201d w Werbkowicach.<\/li>\n<\/ul>\n<\/div>\n<\/div>\n<\/div>\n","protected":false},"excerpt":{"rendered":"<p>Lista 20 &#8211; Okr\u0119g 4 &#8211; Pozycja 7 Konopne, Werbkowice &#8211; ulice: Parkowa, Pi\u0142sudskiego J\u00f3zefa, 3 Maja, Wojska Polskiego, Reja Miko\u0142aja, Kolejowa, Prusa, Ogrodowa Lat 69, mieszkaniec Werbkowic, kawaler. Wykszta\u0142cenie \u015brednie. Obecnie jest na emeryturze. Od wielu lat aktywnie anga\u017cuje si\u0119 w sprawy samorz\u0105du Gminy Werbkowice. W latach 1996 &#8211; 2016 by\u0142 so\u0142tysem Kotorowa, od [&hellip;]<\/p>\n","protected":false},"author":1,"featured_media":0,"parent":0,"menu_order":0,"comment_status":"closed","ping_status":"closed","template":"","meta":{"_editorskit_title_hidden":false,"_editorskit_reading_time":0,"_editorskit_is_block_options_detached":false,"_editorskit_block_options_position":"{}","_themeisle_gutenberg_block_has_review":false,"footnotes":""},"class_list":["post-245","page","type-page","status-publish","hentry"],"_links":{"self":[{"href":"https:\/\/monikapodolak.pl\/index.php?rest_route=\/wp\/v2\/pages\/245","targetHints":{"allow":["GET"]}}],"collection":[{"href":"https:\/\/monikapodolak.pl\/index.php?rest_route=\/wp\/v2\/pages"}],"about":[{"href":"https:\/\/monikapodolak.pl\/index.php?rest_route=\/wp\/v2\/types\/page"}],"author":[{"embeddable":true,"href":"https:\/\/monikapodolak.pl\/index.php?rest_route=\/wp\/v2\/users\/1"}],"replies":[{"embeddable":true,"href":"https:\/\/monikapodolak.pl\/index.php?rest_route=%2Fwp%2Fv2%2Fcomments&post=245"}],"version-history":[{"count":7,"href":"https:\/\/monikapodolak.pl\/index.php?rest_route=\/wp\/v2\/pages\/245\/revisions"}],"predecessor-version":[{"id":468,"href":"https:\/\/monikapodolak.pl\/index.php?rest_route=\/wp\/v2\/pages\/245\/revisions\/468"}],"wp:attachment":[{"href":"https:\/\/monikapodolak.pl\/index.php?rest_route=%2Fwp%2Fv2%2Fmedia&parent=245"}],"curies":[{"name":"wp","href":"https:\/\/api.w.org\/{rel}","templated":true}]}}