{"id":240,"date":"2024-02-26T16:14:18","date_gmt":"2024-02-26T15:14:18","guid":{"rendered":"https:\/\/monikapodolak.pl\/?page_id=240"},"modified":"2024-03-20T20:46:01","modified_gmt":"2024-03-20T19:46:01","slug":"jacek-mazurek","status":"publish","type":"page","link":"https:\/\/monikapodolak.pl\/?page_id=240","title":{"rendered":"Jacek Mazurek"},"content":{"rendered":"\n<div class=\"wp-block-group alignfull has-global-padding is-layout-constrained wp-container-core-group-is-layout-597b9181 wp-block-group-is-layout-constrained has-background\" style=\"margin-top:17px;margin-bottom:17px;padding-top:0px;padding-bottom:0px;background-image:url(&apos;https:\/\/monikapodolak.pl\/wp-content\/uploads\/2024\/02\/bgr2-scaled.jpg&apos;);background-size:cover;\">\n<div class=\"wp-block-columns alignwide has-ti-fg-alt-background-color has-text-color has-background has-link-color wp-elements-86426f72a60b5add0840dcc08afc3813\" style=\"color:#9c3647;margin-top:0;margin-bottom:0;padding-top:0;padding-bottom:0;font-size:16px\">\n<div class=\"wp-block-column has-global-padding is-layout-constrained wp-container-core-column-is-layout-e0082cf6 wp-block-column-is-layout-constrained\">\n<p class=\"has-text-align-center has-text-color has-link-color has-medium-font-size wp-elements-2ffc8c545e5945020b6a0374f5ec2d22\" style=\"color:#9c3647\">Lista 20 &#8211; Okr\u0119g 3 &#8211; Pozycja 7<\/p>\n\n\n\n<p class=\"has-text-align-center has-text-color has-link-color has-small-font-size wp-elements-63f450164f5dc8b8f39da3f66d38f11f\" style=\"color:#9c3647\">Werbkowice &#8211; ulice: Szkolna, Jana Paw\u0142a II, Mickiewicza, Kopernika &nbsp;<\/p>\n\n\n\n<p class=\"has-text-align-left ticss-2d9be410 has-text-color has-link-color wp-elements-65c86805bed68173530562c763cd3afd\" style=\"color:#9c3647;padding-top:var(--wp--preset--spacing--40);padding-bottom:var(--wp--preset--spacing--40);font-size:16px\">Lat 56. \u017bonaty, dwoje dzieci. Wykszta\u0142cenie \u015brednie. Zawodowo pracuje jako kierowca. Interesuje si\u0119 sportem, filmem i motoryzacj\u0105.<\/p>\n\n\n\n<blockquote class=\"wp-block-quote is-layout-flow wp-block-quote-is-layout-flow\">\n<p class=\"ticss-cd158485 has-text-color has-link-color has-figtree-font-family has-normal-font-size wp-elements-931c7272aafdaeae058eec39df89932a\" style=\"color:#9c3647;padding-right:var(--wp--preset--spacing--30);padding-left:var(--wp--preset--spacing--30)\">Chc\u0119 \u201enormalno\u015bci\u201d w naszej Gminie. Wa\u017cna jest dla mnie jako\u015b\u0107 pracy urz\u0119du i jednostek gminy, a tak\u017ce bezpiecze\u0144stwo mieszka\u0144c\u00f3w. Wiem, \u017ce aby by\u0107 skutecznym trzeba postawi\u0107 na dobr\u0105 wsp\u00f3\u0142prac\u0119 z W\u00f3jtem i innymi Radnymi.<\/p>\n<\/blockquote>\n<\/div>\n\n\n\n<div class=\"wp-block-column is-layout-flow wp-block-column-is-layout-flow\" style=\"flex-basis:270px\">\n<div class=\"wp-block-group has-ti-bg-alt-background-color has-background has-global-padding is-layout-constrained wp-container-core-group-is-layout-254f1302 wp-block-group-is-layout-constrained\" style=\"border-top-left-radius:160px;border-top-right-radius:0px;border-bottom-left-radius:0px;border-bottom-right-radius:160px;padding-top:0;padding-right:0;padding-bottom:0;padding-left:0\">\n<figure class=\"wp-block-image alignright size-full is-resized has-custom-border is-style-default\"><img loading=\"lazy\" decoding=\"async\" width=\"300\" height=\"450\" src=\"https:\/\/monikapodolak.pl\/wp-content\/uploads\/2024\/02\/Mazurek.jpg\" alt=\"\" class=\"has-border-color wp-image-257\" style=\"border-color:#9c3647;border-width:1px;border-top-left-radius:25px;border-top-right-radius:0px;border-bottom-left-radius:0px;border-bottom-right-radius:25px;aspect-ratio:0.6903703703703704;width:261px;height:auto\" srcset=\"https:\/\/monikapodolak.pl\/wp-content\/uploads\/2024\/02\/Mazurek.jpg 300w, https:\/\/monikapodolak.pl\/wp-content\/uploads\/2024\/02\/Mazurek-200x300.jpg 200w\" sizes=\"auto, (max-width: 300px) 100vw, 300px\" \/><\/figure>\n<\/div>\n<\/div>\n<\/div>\n\n\n\n<div class=\"wp-block-columns alignwide are-vertically-aligned-top has-ti-fg-alt-background-color has-text-color has-background has-link-color wp-elements-2948c6fa35d9cee536f2969a04f2a466\" style=\"color:#9c3647;font-size:16px\">\n<div class=\"wp-block-column is-vertically-aligned-top is-layout-flow wp-block-column-is-layout-flow\">\n<p class=\"has-text-align-center has-text-color has-link-color wp-elements-b22a51fe25586bd2ac200a59a9671fb3\" style=\"color:#9c3647;font-size:26px\">Moje priorytety to:<\/p>\n\n\n\n<ul style=\"color:#9c3647\" class=\"has-text-color has-link-color wp-block-list wp-elements-c9216480b9cbeef11b8187b1e851712a\">\n<li>przywr\u00f3cenie \u201enormalno\u015bci\u201d w rz\u0105dzeniu Gmin\u0105<\/li>\n\n\n\n<li>poprawa stanu dr\u00f3g i o\u015bwietlenia ulicznego na terenie Gminy (w tym budowa chodnika przy ul.&nbsp;Mickiewicza)<\/li>\n\n\n\n<li>urozmaicenie oferty kulturalnej i sportowo-rekreacyjnej dla mieszka\u0144c\u00f3w (w szczeg\u00f3lno\u015bci dla dzieci i&nbsp;m\u0142odzie\u017cy)<\/li>\n\n\n\n<li>monta\u017c defibrylator\u00f3w AED (urz\u0105dze\u0144 ratuj\u0105cych \u017cycie) w miejscach publicznych.<\/li>\n<\/ul>\n<\/div>\n<\/div>\n<\/div>\n","protected":false},"excerpt":{"rendered":"<p>Lista 20 &#8211; Okr\u0119g 3 &#8211; Pozycja 7 Werbkowice &#8211; ulice: Szkolna, Jana Paw\u0142a II, Mickiewicza, Kopernika &nbsp; Lat 56. \u017bonaty, dwoje dzieci. Wykszta\u0142cenie \u015brednie. Zawodowo pracuje jako kierowca. Interesuje si\u0119 sportem, filmem i motoryzacj\u0105. Chc\u0119 \u201enormalno\u015bci\u201d w naszej Gminie. Wa\u017cna jest dla mnie jako\u015b\u0107 pracy urz\u0119du i jednostek gminy, a tak\u017ce bezpiecze\u0144stwo mieszka\u0144c\u00f3w. Wiem, [&hellip;]<\/p>\n","protected":false},"author":1,"featured_media":0,"parent":0,"menu_order":0,"comment_status":"closed","ping_status":"closed","template":"","meta":{"_editorskit_title_hidden":false,"_editorskit_reading_time":0,"_editorskit_is_block_options_detached":false,"_editorskit_block_options_position":"{}","_themeisle_gutenberg_block_has_review":false,"footnotes":""},"class_list":["post-240","page","type-page","status-publish","hentry"],"_links":{"self":[{"href":"https:\/\/monikapodolak.pl\/index.php?rest_route=\/wp\/v2\/pages\/240","targetHints":{"allow":["GET"]}}],"collection":[{"href":"https:\/\/monikapodolak.pl\/index.php?rest_route=\/wp\/v2\/pages"}],"about":[{"href":"https:\/\/monikapodolak.pl\/index.php?rest_route=\/wp\/v2\/types\/page"}],"author":[{"embeddable":true,"href":"https:\/\/monikapodolak.pl\/index.php?rest_route=\/wp\/v2\/users\/1"}],"replies":[{"embeddable":true,"href":"https:\/\/monikapodolak.pl\/index.php?rest_route=%2Fwp%2Fv2%2Fcomments&post=240"}],"version-history":[{"count":6,"href":"https:\/\/monikapodolak.pl\/index.php?rest_route=\/wp\/v2\/pages\/240\/revisions"}],"predecessor-version":[{"id":467,"href":"https:\/\/monikapodolak.pl\/index.php?rest_route=\/wp\/v2\/pages\/240\/revisions\/467"}],"wp:attachment":[{"href":"https:\/\/monikapodolak.pl\/index.php?rest_route=%2Fwp%2Fv2%2Fmedia&parent=240"}],"curies":[{"name":"wp","href":"https:\/\/api.w.org\/{rel}","templated":true}]}}