{"id":236,"date":"2024-02-26T16:14:18","date_gmt":"2024-02-26T15:14:18","guid":{"rendered":"https:\/\/monikapodolak.pl\/?page_id=236"},"modified":"2024-03-20T20:44:49","modified_gmt":"2024-03-20T19:44:49","slug":"barbara-czarneca-sobaczk","status":"publish","type":"page","link":"https:\/\/monikapodolak.pl\/?page_id=236","title":{"rendered":"Barbara Czarnecka &#8211; Sobczak"},"content":{"rendered":"\n<div class=\"wp-block-group alignfull has-global-padding is-layout-constrained wp-container-core-group-is-layout-67093a48 wp-block-group-is-layout-constrained has-background\" style=\"margin-top:0px;margin-bottom:0px;padding-top:0px;padding-right:0;padding-bottom:0px;padding-left:0;background-image:url(&apos;https:\/\/monikapodolak.pl\/wp-content\/uploads\/2024\/02\/bgr2-scaled.jpg&apos;);background-size:cover;\">\n<div class=\"wp-block-columns alignwide has-ti-fg-alt-background-color has-text-color has-background has-link-color wp-elements-760cbaef6a27bb19bd58634b1bbc22b2\" style=\"color:#9c3647;margin-top:0;margin-bottom:0;padding-top:0;padding-right:var(--wp--preset--spacing--20);padding-bottom:0;padding-left:var(--wp--preset--spacing--20);font-size:16px\">\n<div class=\"wp-block-column has-global-padding is-layout-constrained wp-container-core-column-is-layout-e0082cf6 wp-block-column-is-layout-constrained\">\n<p class=\"has-text-align-center has-text-color has-link-color has-medium-font-size wp-elements-b139115bad328423f0d14d937eada944\" style=\"color:#9c3647\">Lista 20 &#8211; Okr\u0119g 1 &#8211; Pozycja 7<\/p>\n\n\n\n<p class=\"has-text-align-center has-text-color has-link-color has-small-font-size wp-elements-ed21970aaeca2e3f2efac78aa85dd384\" style=\"color:#9c3647\">Werbkowice &#8211; ulice: Pogodna, S\u0142oneczna, Ko\u015bciuszki, Ksi\u0119dza Klingera, Staszica, Polna, Genera\u0142a Sikorskiego, Kr\u00f3tka, Skargi, Przemys\u0142owa, Zamojska, 100-lecia Odzyskania Niepodleg\u0142o\u015bci, Ksi\u0119\u017cycowa<\/p>\n\n\n\n<p class=\"has-text-align-left has-text-color has-link-color wp-elements-a66cb038a04ac9a4de9274d0a38d11c8\" style=\"color:#9c3647;padding-top:var(--wp--preset--spacing--40);padding-bottom:var(--wp--preset--spacing--40);font-size:16px\">Lat 37, m\u0119\u017catka, jedno dziecko. Wykszta\u0142cenie wy\u017csze. Jest opiekunem osoby niepe\u0142nosprawnej. Mimo nat\u0142oku obowi\u0105zk\u00f3w zawsze znajduje czas na bezinteresown\u0105 pomoc potrzebuj\u0105cym. Jest inicjatork\u0105 lub wsp\u00f3\u0142organizatork\u0105 dziesi\u0105tek akcji dobroczynnych, zbi\u00f3rek i inicjatyw charytatywnych. Zainteresowania to florystyka, p\u0142ywanie oraz architektura krajobrazu.<\/p>\n\n\n\n<blockquote class=\"wp-block-quote is-layout-flow wp-block-quote-is-layout-flow\">\n<p class=\"has-text-color has-link-color has-figtree-font-family has-normal-font-size wp-elements-46e17725ded098a0f8afc0174e4e79ae\" style=\"color:#9c3647;padding-right:var(--wp--preset--spacing--30);padding-left:var(--wp--preset--spacing--30)\">Zdecydowa\u0142am si\u0119 na start w najbli\u017cszych wyborach samorz\u0105dowych, bo chc\u0119 mie\u0107 realny wp\u0142yw na zmiany w swoim otoczeniu. Jako Radna chc\u0119 si\u0119 zaj\u0105\u0107 konkretnymi sprawami mieszka\u0144c\u00f3w Werbkowic i ca\u0142ej Gminy Werbkowice.<\/p>\n<\/blockquote>\n<\/div>\n\n\n\n<div class=\"wp-block-column is-layout-flow wp-block-column-is-layout-flow\" style=\"flex-basis:270px\">\n<div class=\"wp-block-group has-ti-bg-alt-background-color has-background has-global-padding is-layout-constrained wp-container-core-group-is-layout-254f1302 wp-block-group-is-layout-constrained\" style=\"border-top-left-radius:160px;border-top-right-radius:0px;border-bottom-left-radius:0px;border-bottom-right-radius:160px;padding-top:0;padding-right:0;padding-bottom:0;padding-left:0\">\n<figure class=\"wp-block-image alignright size-full is-resized has-custom-border is-style-default\"><img loading=\"lazy\" decoding=\"async\" width=\"300\" height=\"450\" src=\"https:\/\/monikapodolak.pl\/wp-content\/uploads\/2024\/02\/3-1.jpg\" alt=\"\" class=\"has-border-color wp-image-70\" style=\"border-color:#9c3647;border-width:1px;border-top-left-radius:25px;border-top-right-radius:0px;border-bottom-left-radius:0px;border-bottom-right-radius:25px;aspect-ratio:0.6903703703703704;width:261px;height:auto\" srcset=\"https:\/\/monikapodolak.pl\/wp-content\/uploads\/2024\/02\/3-1.jpg 300w, https:\/\/monikapodolak.pl\/wp-content\/uploads\/2024\/02\/3-1-200x300.jpg 200w\" sizes=\"auto, (max-width: 300px) 100vw, 300px\" \/><\/figure>\n<\/div>\n<\/div>\n<\/div>\n\n\n\n<div class=\"wp-block-columns alignwide are-vertically-aligned-top has-ti-fg-alt-background-color has-text-color has-background has-link-color wp-elements-c3f9b0afd57108cbb49c635b0181d485\" style=\"color:#9c3647;font-size:16px\">\n<div class=\"wp-block-column is-vertically-aligned-top is-layout-flow wp-block-column-is-layout-flow\">\n<p class=\"has-text-align-center has-text-color has-link-color wp-elements-b22a51fe25586bd2ac200a59a9671fb3\" style=\"color:#9c3647;font-size:26px\">Moje priorytety to:<\/p>\n\n\n\n<ul style=\"color:#9c3647\" class=\"has-text-color has-link-color wp-block-list wp-elements-c62352a138332c1dbbfc0321499883f5\">\n<li>poprawa stanu dr\u00f3g i o\u015bwietlenia na terenie Gminy<\/li>\n\n\n\n<li>inwestycje w infrastruktur\u0119 sportowo-rekreacyjn\u0105 (modernizacja zaplecza szatniowo-socjalnego przy stadionie, \u015bcie\u017cki pieszo-rowerowe)<\/li>\n\n\n\n<li>urozmaicenie oferty kulturalnej i sportowo-rekreacyjnej dla mieszka\u0144c\u00f3w (w szczeg\u00f3lno\u015bci dla m\u0142odzie\u017cy)<\/li>\n\n\n\n<li>dba\u0142o\u015b\u0107 o porz\u0105dek oraz utrzymanie zieleni na terenie Gminy<\/li>\n\n\n\n<li>dodatkowe tablice informacyjne w ca\u0142ej Gminie.<\/li>\n<\/ul>\n<\/div>\n<\/div>\n<\/div>\n","protected":false},"excerpt":{"rendered":"<p>Lista 20 &#8211; Okr\u0119g 1 &#8211; Pozycja 7 Werbkowice &#8211; ulice: Pogodna, S\u0142oneczna, Ko\u015bciuszki, Ksi\u0119dza Klingera, Staszica, Polna, Genera\u0142a Sikorskiego, Kr\u00f3tka, Skargi, Przemys\u0142owa, Zamojska, 100-lecia Odzyskania Niepodleg\u0142o\u015bci, Ksi\u0119\u017cycowa Lat 37, m\u0119\u017catka, jedno dziecko. Wykszta\u0142cenie wy\u017csze. Jest opiekunem osoby niepe\u0142nosprawnej. Mimo nat\u0142oku obowi\u0105zk\u00f3w zawsze znajduje czas na bezinteresown\u0105 pomoc potrzebuj\u0105cym. Jest inicjatork\u0105 lub wsp\u00f3\u0142organizatork\u0105 dziesi\u0105tek akcji [&hellip;]<\/p>\n","protected":false},"author":1,"featured_media":0,"parent":0,"menu_order":0,"comment_status":"closed","ping_status":"closed","template":"","meta":{"_editorskit_title_hidden":false,"_editorskit_reading_time":0,"_editorskit_is_block_options_detached":false,"_editorskit_block_options_position":"{}","_themeisle_gutenberg_block_has_review":false,"footnotes":""},"class_list":["post-236","page","type-page","status-publish","hentry"],"_links":{"self":[{"href":"https:\/\/monikapodolak.pl\/index.php?rest_route=\/wp\/v2\/pages\/236","targetHints":{"allow":["GET"]}}],"collection":[{"href":"https:\/\/monikapodolak.pl\/index.php?rest_route=\/wp\/v2\/pages"}],"about":[{"href":"https:\/\/monikapodolak.pl\/index.php?rest_route=\/wp\/v2\/types\/page"}],"author":[{"embeddable":true,"href":"https:\/\/monikapodolak.pl\/index.php?rest_route=\/wp\/v2\/users\/1"}],"replies":[{"embeddable":true,"href":"https:\/\/monikapodolak.pl\/index.php?rest_route=%2Fwp%2Fv2%2Fcomments&post=236"}],"version-history":[{"count":9,"href":"https:\/\/monikapodolak.pl\/index.php?rest_route=\/wp\/v2\/pages\/236\/revisions"}],"predecessor-version":[{"id":466,"href":"https:\/\/monikapodolak.pl\/index.php?rest_route=\/wp\/v2\/pages\/236\/revisions\/466"}],"wp:attachment":[{"href":"https:\/\/monikapodolak.pl\/index.php?rest_route=%2Fwp%2Fv2%2Fmedia&parent=236"}],"curies":[{"name":"wp","href":"https:\/\/api.w.org\/{rel}","templated":true}]}}