{"id":159,"date":"2024-02-27T09:37:21","date_gmt":"2024-02-27T08:37:21","guid":{"rendered":"https:\/\/monikapodolak.pl\/?page_id=159"},"modified":"2024-02-28T19:39:17","modified_gmt":"2024-02-28T18:39:17","slug":"o-mnie","status":"publish","type":"page","link":"https:\/\/monikapodolak.pl\/?page_id=159","title":{"rendered":"O mnie"},"content":{"rendered":"\n<div class=\"wp-block-group alignfull ticss-6b506972 has-global-padding is-layout-constrained wp-container-core-group-is-layout-037468ab wp-block-group-is-layout-constrained has-background\" style=\"margin-top:0px;margin-bottom:0px;padding-top:0px;padding-bottom:0px;background-image:url(&apos;https:\/\/monikapodolak.pl\/wp-content\/uploads\/2024\/02\/bgr2-scaled.jpg&apos;);background-size:cover;\">\n<div class=\"wp-block-columns alignwide has-ti-fg-alt-background-color has-text-color has-background has-link-color wp-elements-c1b4da742d52453ff6cb37371391e165\" style=\"color:#9c3647;padding-top:0;padding-bottom:0;font-size:16px\">\n<div class=\"wp-block-column is-vertically-aligned-center has-global-padding is-layout-constrained wp-container-core-column-is-layout-e0082cf6 wp-block-column-is-layout-constrained\">\n<div style=\"height:20px\" aria-hidden=\"true\" class=\"wp-block-spacer\"><\/div>\n\n\n\n<h3 class=\"wp-block-heading has-text-align-center\">Nazywam si\u0119 Monika Podolak.<\/h3>\n\n\n\n<p>Mam 44 lata, od urodzenia jestem mieszkank\u0105 Gminy Werbkowice.<\/p>\n\n\n\n<p>Przez pierwsze 31 lat \u017cycia mieszka\u0142am w Terebi\u0144cu, od ponad 13 lat mieszkam w Werbkowicach.<\/p>\n\n\n\n<p>Jestem zwi\u0105zana z Gmin\u0105 Werbkowice emocjonalnie.<\/p>\n\n\n\n<p>Chcia\u0142abym, \u017ceby ludzie, kt\u00f3rzy wybrali Gmin\u0119 Werbkowice jako miejsce do \u017cycia czuli si\u0119 tutaj dobrze i bezpiecznie, byli s\u0142uchani i mieli wp\u0142yw na podejmowane decyzje.<\/p>\n\n\n\n<p>Kandyduj\u0119, bo chc\u0119 mie\u0107 realny wp\u0142yw na rozw\u00f3j naszej Gminy. Mam sprecyzowan\u0105 wizj\u0119 jak powinna funkcjonowa\u0107 Gmina oraz wiedz\u0119, cierpliwo\u015b\u0107 i determinacj\u0119, aby to osi\u0105gn\u0105\u0107.<\/p>\n\n\n\n<p>Chc\u0119 przywr\u00f3ci\u0107 normalno\u015b\u0107 w dzia\u0142aniu Gminy. Nie zgadzam si\u0119 z obecnym sposobem rz\u0105dzenia Gmin\u0105. W\u00f3jt nie mo\u017ce by\u0107 otoczony murem prawnik\u00f3w i&nbsp;traktowa\u0107 Gmin\u0119 jak w\u0142asny folwark.<\/p>\n\n\n\n<p>Nie nale\u017c\u0119 do \u017cadnej partii, nie mam te\u017c partyjnego poparcia.<\/p>\n\n\n\n<p>Prywatnie z m\u0119\u017cem Mariuszem w&nbsp;ubieg\u0142ym roku obchodzili\u015bmy srebrne gody.<\/p>\n\n\n\n<p>Mamy doros\u0142\u0105 c\u00f3rk\u0119 Paulin\u0119, a pi\u0119\u0107 lat temu do naszej rodziny do\u0142\u0105czy\u0142 Rafa\u0142, m\u0105\u017c naszej c\u00f3rki.<\/p>\n<\/div>\n\n\n\n<div class=\"wp-block-column is-layout-flow wp-block-column-is-layout-flow\">\n<div class=\"wp-block-group has-ti-bg-alt-background-color has-background has-global-padding is-layout-constrained wp-container-core-group-is-layout-254f1302 wp-block-group-is-layout-constrained\" style=\"border-top-left-radius:160px;border-top-right-radius:0px;border-bottom-left-radius:0px;border-bottom-right-radius:160px;padding-top:0;padding-right:0;padding-bottom:0;padding-left:0\">\n<div style=\"height:20px\" aria-hidden=\"true\" class=\"wp-block-spacer\"><\/div>\n\n\n\n<figure class=\"wp-block-image alignright size-full is-resized has-custom-border is-style-default\"><img loading=\"lazy\" decoding=\"async\" width=\"1001\" height=\"1500\" src=\"https:\/\/monikapodolak.pl\/wp-content\/uploads\/2024\/02\/DSC_9444.jpg\" alt=\"\" class=\"has-border-color wp-image-162\" style=\"border-color:#9c3647;border-width:1px;border-top-left-radius:25px;border-top-right-radius:0px;border-bottom-left-radius:0px;border-bottom-right-radius:25px;aspect-ratio:0.6903703703703704;width:442px;height:auto\" srcset=\"https:\/\/monikapodolak.pl\/wp-content\/uploads\/2024\/02\/DSC_9444.jpg 1001w, https:\/\/monikapodolak.pl\/wp-content\/uploads\/2024\/02\/DSC_9444-200x300.jpg 200w, https:\/\/monikapodolak.pl\/wp-content\/uploads\/2024\/02\/DSC_9444-683x1024.jpg 683w, https:\/\/monikapodolak.pl\/wp-content\/uploads\/2024\/02\/DSC_9444-768x1151.jpg 768w\" sizes=\"auto, (max-width: 1001px) 100vw, 1001px\" \/><\/figure>\n<\/div>\n<\/div>\n<\/div>\n\n\n\n<div class=\"wp-block-columns alignwide are-vertically-aligned-top has-ti-fg-alt-background-color has-text-color has-background has-link-color wp-elements-c31511a78da347aac3c838d7d0f16550\" style=\"color:#9c3647;font-size:16px\">\n<div class=\"wp-block-column is-vertically-aligned-top is-layout-flow wp-block-column-is-layout-flow\">\n<figure class=\"wp-block-image alignleft size-full is-resized has-custom-border is-style-default\"><img loading=\"lazy\" decoding=\"async\" width=\"1001\" height=\"1500\" src=\"https:\/\/monikapodolak.pl\/wp-content\/uploads\/2024\/02\/DSC_9459.jpg\" alt=\"\" class=\"has-border-color wp-image-160\" style=\"border-color:#9c3647;border-width:1px;border-top-left-radius:25px;border-top-right-radius:0px;border-bottom-left-radius:0px;border-bottom-right-radius:25px;aspect-ratio:0.6903703703703704;width:492px;height:auto\" srcset=\"https:\/\/monikapodolak.pl\/wp-content\/uploads\/2024\/02\/DSC_9459.jpg 1001w, https:\/\/monikapodolak.pl\/wp-content\/uploads\/2024\/02\/DSC_9459-200x300.jpg 200w, https:\/\/monikapodolak.pl\/wp-content\/uploads\/2024\/02\/DSC_9459-683x1024.jpg 683w, https:\/\/monikapodolak.pl\/wp-content\/uploads\/2024\/02\/DSC_9459-768x1151.jpg 768w\" sizes=\"auto, (max-width: 1001px) 100vw, 1001px\" \/><\/figure>\n<\/div>\n\n\n\n<div class=\"wp-block-column is-vertically-aligned-top is-layout-flow wp-container-core-column-is-layout-8a368f38 wp-block-column-is-layout-flow\">\n<div class=\"wp-block-group has-ti-bg-alt-background-color has-background has-global-padding is-layout-constrained wp-container-core-group-is-layout-6b715292 wp-block-group-is-layout-constrained\" style=\"border-top-left-radius:160px;border-top-right-radius:0px;border-bottom-left-radius:0px;border-bottom-right-radius:160px;padding-top:0;padding-right:0;padding-bottom:0;padding-left:0\">\n<p><strong>Wykszta\u0142cenie<\/strong><\/p>\n\n\n\n<ul class=\"wp-block-list\">\n<li>Magister administracji na Uniwersytecie Marii Curie Sk\u0142odowskiej w&nbsp;Lublinie (2003-2005)<\/li>\n<\/ul>\n\n\n\n<ul class=\"wp-block-list\">\n<li>Licencjat z administracji w Wy\u017cszej Szkole Zarz\u0105dzania i&nbsp;Administracji w&nbsp;Zamo\u015bciu (2000-2003)<\/li>\n<\/ul>\n\n\n\n<ul class=\"wp-block-list\">\n<li>Studia podyplomowe z zarz\u0105dzania zasobami ludzkimi w&nbsp;Wy\u017cszej Szkole Stosunk\u00f3w Mi\u0119dzynarodowych i&nbsp;Komunikacji Spo\u0142ecznej w Che\u0142mie (2013-2014)<\/li>\n<\/ul>\n\n\n\n<p><strong>Do\u015bwiadczenie<\/strong><\/p>\n\n\n\n<ul class=\"wp-block-list\">\n<li>Sekretarz Miasta Hrubieszowa (2019 \u2013 obecnie)<\/li>\n\n\n\n<li>Sekretarz Gminy Werbkowice (2013-2018)<\/li>\n\n\n\n<li>Inspektor ds. o\u015bwiaty w Urz\u0119dzie Gminy Werbkowice (2012-2013)<\/li>\n\n\n\n<li>Dyrektor Samorz\u0105dowej Jednostki O\u015bwiaty w&nbsp;Werbkowicach (2009-2012)<\/li>\n\n\n\n<li>Podinspektor ds. kultury, kultury fizycznej i turystyki w&nbsp;Starostwie Powiatowym w Hrubieszowie (2006-2009)<\/li>\n\n\n\n<li>Sta\u017c w Urz\u0119dzie Gminy Werbkowice (2003-2004)<\/li>\n<\/ul>\n\n\n\n<p><strong>Spo\u0142ecznie<\/strong><\/p>\n\n\n\n<ul class=\"wp-block-list\">\n<li>Cz\u0142onek Zarz\u0105du Stowarzyszenia Hrubieszowskiego \u201eLepsze Jutro\u201d Lokalna Grupa Dzia\u0142ania\u201d (2014-obecnie)<\/li>\n\n\n\n<li>Cz\u0142onek Zarz\u0105du Lokalnej Organizacji Turystycznej LOT \u201eGotania\u201d w Hrubieszowie (2019 &#8211; obecnie).<\/li>\n<\/ul>\n\n\n\n<div style=\"height:19px\" aria-hidden=\"true\" class=\"wp-block-spacer\"><\/div>\n<\/div>\n<\/div>\n<\/div>\n<\/div>\n","protected":false},"excerpt":{"rendered":"<p>Nazywam si\u0119 Monika Podolak. Mam 44 lata, od urodzenia jestem mieszkank\u0105 Gminy Werbkowice. Przez pierwsze 31 lat \u017cycia mieszka\u0142am w Terebi\u0144cu, od ponad 13 lat mieszkam w Werbkowicach. Jestem zwi\u0105zana z Gmin\u0105 Werbkowice emocjonalnie. Chcia\u0142abym, \u017ceby ludzie, kt\u00f3rzy wybrali Gmin\u0119 Werbkowice jako miejsce do \u017cycia czuli si\u0119 tutaj dobrze i bezpiecznie, byli s\u0142uchani i mieli [&hellip;]<\/p>\n","protected":false},"author":1,"featured_media":0,"parent":0,"menu_order":0,"comment_status":"closed","ping_status":"closed","template":"","meta":{"_editorskit_title_hidden":false,"_editorskit_reading_time":0,"_editorskit_is_block_options_detached":false,"_editorskit_block_options_position":"{}","_themeisle_gutenberg_block_has_review":false,"footnotes":""},"class_list":["post-159","page","type-page","status-publish","hentry"],"_links":{"self":[{"href":"https:\/\/monikapodolak.pl\/index.php?rest_route=\/wp\/v2\/pages\/159","targetHints":{"allow":["GET"]}}],"collection":[{"href":"https:\/\/monikapodolak.pl\/index.php?rest_route=\/wp\/v2\/pages"}],"about":[{"href":"https:\/\/monikapodolak.pl\/index.php?rest_route=\/wp\/v2\/types\/page"}],"author":[{"embeddable":true,"href":"https:\/\/monikapodolak.pl\/index.php?rest_route=\/wp\/v2\/users\/1"}],"replies":[{"embeddable":true,"href":"https:\/\/monikapodolak.pl\/index.php?rest_route=%2Fwp%2Fv2%2Fcomments&post=159"}],"version-history":[{"count":15,"href":"https:\/\/monikapodolak.pl\/index.php?rest_route=\/wp\/v2\/pages\/159\/revisions"}],"predecessor-version":[{"id":414,"href":"https:\/\/monikapodolak.pl\/index.php?rest_route=\/wp\/v2\/pages\/159\/revisions\/414"}],"wp:attachment":[{"href":"https:\/\/monikapodolak.pl\/index.php?rest_route=%2Fwp%2Fv2%2Fmedia&parent=159"}],"curies":[{"name":"wp","href":"https:\/\/api.w.org\/{rel}","templated":true}]}}