{"id":149,"date":"2024-02-26T20:20:53","date_gmt":"2024-02-26T19:20:53","guid":{"rendered":"https:\/\/monikapodolak.pl\/?page_id=149"},"modified":"2024-03-03T13:29:06","modified_gmt":"2024-03-03T12:29:06","slug":"nasz-program","status":"publish","type":"page","link":"https:\/\/monikapodolak.pl\/?page_id=149","title":{"rendered":"Nasz program"},"content":{"rendered":"\n<div class=\"wp-block-group alignwide has-ti-fg-alt-background-color has-text-color has-background has-link-color\" style=\"color: #9c3647; padding: 0;\">\n<p style=\"text-align: justify;\"><em>Szanowni Pa\u0144stwo,<\/em><\/p>\n<p style=\"text-align: justify;\"><em>Jeste\u015bmy<strong> mieszka\u0144cami Gminy Werbkowice<\/strong>, jednymi z Was. <\/em><\/p>\n<p style=\"text-align: justify;\"><em>Chcemy zmiany sposobu my\u015blenia i zmiany mentalno\u015bci os\u00f3b sprawuj\u0105cych najwa\u017cniejsze funkcje w\u00a0samorz\u0105dzie. Nie chcemy burzy\u0107 tego co dotychczas zbudowano, ale chcemy <strong>przywr\u00f3ci\u0107 normalno\u015b\u0107<\/strong> w zarz\u0105dzaniu Gmin\u0105, aby Gmina mog\u0142a si\u0119<strong> rozwija\u0107<\/strong>, zapewnia\u0107 mieszka\u0144com <strong>bezpiecze\u0144stwo<\/strong> oraz podnosi\u0107 <strong>jako\u015b\u0107 ich \u017cycia<\/strong>.<\/em><\/p>\n<p style=\"text-align: justify;\"><em>Jako <strong>lokalny<\/strong> i<strong> bezpartyjny komitet wyborczy<\/strong> <strong>mieszka\u0144c\u00f3w<\/strong> &#8211; pod nazw\u0105 Komitet Wyborczy Wyborc\u00f3w Moniki Podolak \u201eRazem dla Gminy\u201d &#8211; nie sk\u0142adamy obietnic bez pokrycia. Przedstawiamy wsp\u00f3lny program wyborczy kandydata na w\u00f3jta i\u00a0kandydat\u00f3w na radnych.<\/em><\/p>\n<p style=\"text-align: justify;\"><em>To postulaty mo\u017cliwe do zrealizowania i wdro\u017cenia w ramach przewidywanego bud\u017cetu gminy w czasie ca\u0142ej kadencji, wspartego umiej\u0119tnym i skutecznym pozyskaniem \u015brodk\u00f3w zewn\u0119trznych. Nie wszystkie z za\u0142o\u017conych cel\u00f3w wymagaj\u0105 zaanga\u017cowania du\u017cych \u015brodk\u00f3w finansowych. Mo\u017cna je zrealizowa\u0107 dzi\u0119ki wsp\u00f3\u0142pracy wielu instytucji, organ\u00f3w i s\u0142u\u017cb publicznych.<\/em><\/p>\n<p style=\"text-align: justify;\"><em>Nasz program wyborczy jest konkretny. Zosta\u0142 podzielony <strong>na 4 g\u0142\u00f3wne obszary<\/strong>. Postulaty wynikaj\u0105 <strong>ze znajomo\u015bci Gminy i jej problem\u00f3w<\/strong>. S\u0105 r\u00f3wnie\u017c wynikiem licznych\u00a0rozm\u00f3w z mieszka\u0144cami Gminy. Dzi\u0119ki Pa\u0144stwa poparciu chcemy je zrealizowa\u0107 w nowej kadencji samorz\u0105du.<\/em><\/p>\n<p style=\"text-align: center;\"><strong><em>To jest nasz Program dla Gminy Werbkowice!<\/em><\/strong><\/p>\n<h3 style=\"text-align: center;\">G\u0141\u00d3WNE OBSZARY<\/h3>\n<ul style=\"text-align: justify;\">\n<li><strong>WYGODNIEJSZE \u017bYCIE MIESZKA\u0143C\u00d3W <\/strong>\u2013 budowa podstawowej infrastruktury: drogi, sieci wodoci\u0105gowe i\u00a0kanalizacyjne. Zr\u00f3\u017cnicowana oferta kulturalna, sportowa i rekreacyjna dla wszystkich grup spo\u0142ecznych. Profesjonalna pomoc osobom znajduj\u0105cym si\u0119 w trudnej sytuacji \u017cyciowej. Wsparcie senior\u00f3w. Dzia\u0142ania na rzecz rodzin.<\/li>\n<li><strong>STAWIAMY NA EDUKACJ\u0118 <\/strong><strong>\u2013 <\/strong>Gmina dba o edukacj\u0119 m\u0142odego pokolenia, kt\u00f3r\u0105 traktuje jako wa\u017cn\u0105 inwestycj\u0119 w\u00a0lokaln\u0105 spo\u0142eczno\u015b\u0107.<\/li>\n<li><strong>GMINA PRZYJAZNA ROLNIKOM,<\/strong> <strong>PRZEDSI\u0118BIORCOM i INWESTOROM <\/strong>\u2013 zadbanie o drogi transportu rolnego, wyznaczenie potencjalnych teren\u00f3w inwestycyjnych, uruchomienie Punktu Obs\u0142ugi Inwestora w Urz\u0119dzie Gminy.<\/li>\n<li><strong>SKUTECZNI W ZARZ\u0104DZANIU<\/strong> \u2013 sprawny i kompetentny Urz\u0105d Gminy i\u00a0podleg\u0142e jednostki. Dobrze opracowana Strategia Rozwoju Gminy i aktywne pozyskiwanie \u015brodk\u00f3w zewn\u0119trznych na wyznaczone cele. M\u0105dra polityka finansowa.<\/li>\n<\/ul>\n<h3 style=\"text-align: center;\">WYGODNIEJSZE \u017bYCIE MIESZKA\u0143C\u00d3W<\/h3>\n<h4 style=\"text-align: center;\">INWESTYCJE<\/h4>\n<ul style=\"text-align: justify;\">\n<li>Nasze <strong>PRIORYTETY <\/strong>to inwestycje zwi\u0119kszaj\u0105ce bezpiecze\u0144stwo i komfort \u017cycia Mieszka\u0144c\u00f3w:\n<ul style=\"text-align: justify;\">\n<li>budowa, przebudowa i remonty <strong>dr\u00f3g gminnych<\/strong>, ulic, chodnik\u00f3w,<\/li>\n<li>likwidacja \u201ebia\u0142ych plam\u201d na mapie wodoci\u0105g\u00f3w gminy &#8211; budowa kolejnych odcink\u00f3w <strong>sieci wodoci\u0105gowych<\/strong>,<\/li>\n<li>rozbudowa <strong>systemu kanalizacyjnego<\/strong> w gminie o nowe odcinki, uruchomienie projektu przydomowych oczyszczalni \u015bciek\u00f3w,<\/li>\n<li>modernizacja istniej\u0105cych lamp i budowa nowoczesnego <strong>o\u015bwietlenia ulicznego <\/strong>(energooszcz\u0119dno\u015b\u0107).<\/li>\n<\/ul>\n<\/li>\n<li>STAWIAMY na:\n<ul style=\"text-align: justify;\">\n<li>inwestycje w<strong> budynki i obiekty komunalne<\/strong> w celu <strong>likwidacji barier architektonicznych<\/strong> i\u00a0ograniczenia koszt\u00f3w utrzymania (<strong>energooszcz\u0119dno\u015b\u0107<\/strong>),<\/li>\n<li>inwestycje w bezpiecze\u0144stwo &#8211; doposa\u017cenie jednostek <strong>Ochotniczych Stra\u017cy Po\u017carnych <\/strong>w sprz\u0119t ratowniczo-ga\u015bniczy, inwestycje w budow\u0119 i\u00a0modernizacj\u0119 infrastruktury przeznaczonej do funkcjonowania jednostek OSP,<\/li>\n<li><strong>utworzenie \u017c\u0142obka<\/strong> lub innej formy opieki dla dzieci do lat 3 na terenie Gminy (po\u00a0zbadaniu celowo\u015bci powstania takiej plac\u00f3wki),<\/li>\n<li>dobry <strong>dojazd do stacji kolejowej w Werbkowicach<\/strong> (wsp\u00f3\u0142praca z PKP),<\/li>\n<li>wsp\u00f3\u0142prac\u0119 z Powiatem Hrubieszowskim na rzecz <strong>poprawy stanu dr\u00f3g powiatowych<\/strong> na terenie gminy,<\/li>\n<li><strong>kontynuacj\u0119<\/strong> <strong>wcze\u015bniej zaplanowanych i rozpocz\u0119tych inwestycji<\/strong>.<\/li>\n<\/ul>\n<\/li>\n<\/ul>\n<h4 style=\"text-align: center;\">KULTURA<\/h4>\n<ul style=\"text-align: justify;\">\n<li><strong>Modernizacja budynku GOK-u<\/strong> i dostosowanie go do potrzeb XXI wieku. Zapewnienie wszystkim mieszka\u0144com (w\u00a0tym osobom starszym i niepe\u0142nosprawnym) r\u00f3wnego dost\u0119pu do us\u0142ug przestrzeni publicznej (dost\u0119p do Biblioteki).<\/li>\n<li><strong>Aktywnie sp\u0119dzamy czas wolny blisko domu!<\/strong> &#8211; wsparcie <strong>w ramach oferty GOK-u<\/strong> dzia\u0142a\u0144 integruj\u0105cych i\u00a0aktywizuj\u0105cych spo\u0142eczno\u015b\u0107 <strong>w pobli\u017cu miejsc zamieszkania <\/strong>(pikniki, festyny, spotkania, \u015bwi\u0119ta miejscowo\u015bci, wieczory z muzyk\u0105, kina plenerowe, pota\u0144c\u00f3wki i in.).<\/li>\n<li><strong>R\u00f3\u017cnorodna<\/strong> i<strong> dopasowana oferta <\/strong>sp\u0119dzania wolnego czasu dla wszystkich grup wiekowych, w\u00a0szczeg\u00f3lno\u015bci:\n<ul style=\"text-align: justify;\">\n<li>zagospodarowanie wolnego czasu <strong>dla matek wychowuj\u0105cych dzieci <\/strong>(organizacja warsztat\u00f3w\/szkole\u0144 praktycznych dla dzieci z mamami),<\/li>\n<li>oferta <strong>dla dzieci<\/strong> &#8211; warsztaty w zakresie plastyki oraz muzyki i ta\u0144ca (powstanie grupy wokalno-tanecznej),<\/li>\n<li>oferta <strong>dla m\u0142odzie\u017cy<\/strong> &#8211; warsztaty z \u0107wiczenia umiej\u0119tno\u015bci zwi\u0105zanych z\u00a0zaprezentowaniem si\u0119 przysz\u0142emu pracodawcy, takie jak pisanie CV i listu motywacyjnego, zaj\u0119cia warsztatowe w zakresie muzyki, plastyki, fotografii i filmu, warsztaty muzyki (rockowej, rapu, hip hop) w celu powstania muzycznej sekcji m\u0142odzie\u017cowej,<\/li>\n<li>dla <strong>starszej m\u0142odzie\u017cy<\/strong> &#8211; cykle warsztat\u00f3w filmowych (operatorskich) i fotograficznych, m.in. wakacyjne warsztaty z osobami zawodowo zajmuj\u0105cymi si\u0119 kr\u0119ceniem \u201ewideoklip\u00f3w\u201d, nabycie praktycznych umiej\u0119tno\u015bci, praca w zespole \u2013 powstanie Klubu \u201eFilmowca\u201d,<\/li>\n<li>dla <strong>senior\u00f3w<\/strong> &#8211; Bal Seniora, wycieczki, zabawy, pikniki, przegl\u0105dy tw\u00f3rczo\u015bci senior\u00f3w, szkolenia.<\/li>\n<\/ul>\n<\/li>\n<li>Powo\u0142anie Klubu M\u0142odzie\u017cowego.<\/li>\n<li>Zmiana godzin pracy GOK-u.<\/li>\n<li>Powr\u00f3t \u201e<strong>Dni Werbkowic\u201d<\/strong> do kalendarza imprez Gminy.<\/li>\n<li>Dba\u0142o\u015b\u0107 o tradycje lokalne. <strong>Wspieranie K\u00f3\u0142 Gospody\u0144 Wiejskich<\/strong>. Kultywowanie rodzimego folkloru i tradycji\u00a0\u2013 podtrzymywanie i\u00a0doskonalenie sztuki kulinarnej, muzykowanie, promowanie wyrob\u00f3w r\u0119kodzie\u0142a artystycznego.<\/li>\n<li>Nowoczesne formy <strong>promocji czytelnictwa<\/strong>. Rozszerzenie dzia\u0142ania Biblioteki poprzez zewn\u0119trzne \u015brodki i programy rozwojowe, <strong>wyj\u015bcie z ofert\u0105 czytelnicz\u0105 do so\u0142ectw<\/strong>, aby wszyscy mieszka\u0144cy mieli r\u00f3wny i \u0142atwy dost\u0119p.<\/li>\n<li>Promocja <strong>miejsc historycznych, wa\u017cnych dla mieszka\u0144c\u00f3w <\/strong>i odkrycie ich na nowo.<\/li>\n<\/ul>\n<h4 style=\"text-align: center;\">SPORT I REKREACJA<\/h4>\n<ul style=\"text-align: justify;\">\n<li>Rozw\u00f3j <strong>infrastruktury sportowo-rekreacyjnej<\/strong> na terenie gminy. Modernizacja zaplecza szatniowo-socjalnego przy stadionie w Werbkowicach.<\/li>\n<li>Budowa <strong>\u015bcie\u017cek pieszo \u2013 rowerowych<\/strong> na terenie gminy. Wsp\u00f3\u0142praca z s\u0105siednimi samorz\u0105dami na rzecz utworzenia \u015bcie\u017cki rowerowej na bazie kolei w\u0105skotorowej.<\/li>\n<li><strong>Efektywne wykorzystanie istniej\u0105cej infrastruktury sportowej<\/strong>. Udost\u0119pnienie Hali Sportowej w Werbkowicach i\u00a0boisk \u201eOrlik\u201d w godzinach wieczornych oraz w\u00a0dni wolne od zaj\u0119\u0107 szkolnych do powszechnego korzystania dla mieszka\u0144c\u00f3w i zorganizowanych grup treningowych (<strong>system rezerwacji online<\/strong>).<\/li>\n<li><strong>Strefa rekreacyjna <\/strong>przy stadionie w\u00a0Werbkowicach z grillem i\u00a0miejscem na ognisko, \u0142aweczkami oraz o\u015bwietlon\u0105 \u015bcie\u017ck\u0105 spacerow\u0105.<\/li>\n<li>Szeroka <strong>oferta zaj\u0119\u0107 sportowych<\/strong> dla r\u00f3\u017cnych grup wiekowych.<\/li>\n<li><strong>Wsp\u00f3\u0142praca z klubami sportowymi<\/strong> dzia\u0142aj\u0105cymi na terenie gminy (dotacje). Powo\u0142anie <strong>Gminnej Rady Sportu<\/strong> jako organu doradczego i pomocniczego.<\/li>\n<li>Inicjowanie i organizowanie <strong>imprez sportowych i rekreacyjnych<\/strong> adresowanych do szerokiego grona mieszka\u0144c\u00f3w. Przywr\u00f3cenie organizacji \u201e<strong>Bieg\u00f3w Cukrownika<\/strong>\u201d (ostatnia niedziela kwietnia).<\/li>\n<\/ul>\n<h4 style=\"text-align: center;\">POLITYKA SPO\u0141ECZNA I SENIORALNA<\/h4>\n<ul style=\"text-align: justify;\">\n<li>Rozwijanie i doskonalenie us\u0142ug pomocy spo\u0142ecznej w oparciu<strong> o Gminny O\u015brodek Pomocy Spo\u0142ecznej<\/strong>.<\/li>\n<li>Wzmocnienie wsp\u00f3\u0142pracy z lokalnymi liderami, w tym so\u0142tysami, szko\u0142ami, ko\u015bcio\u0142em, itp. oraz lokalnymi organizacjami pozarz\u0105dowymi w zakresie koordynacji pomocy spo\u0142ecznej.<\/li>\n<li>Pozyskiwanie <strong>innych \u017ar\u00f3de\u0142 finansowania us\u0142ug spo\u0142ecznych<\/strong> ni\u017c bud\u017cet gminy.<\/li>\n<li><strong>Wsparcie senior\u00f3w i zwi\u0119kszenie ich udzia\u0142u w \u017cyciu Gminy<\/strong>. Powo\u0142anie Gminnej Rady Senior\u00f3w, wdro\u017cenie projektu \u201eKoperta \u017cycia\u201d oraz <strong>programu us\u0142ug s\u0105siedzkich<\/strong>. Wzmocnienie Klubu Seniora. Utworzenie <strong>Dziennego Domu Pobytu dla Senior\u00f3w<\/strong>.<\/li>\n<\/ul>\n<h4 style=\"text-align: center;\">SZCZEG\u00d3\u0141Y MAJ\u0104 ZNACZENIE<\/h4>\n<ul style=\"text-align: justify;\">\n<li>Sprawny <strong>system zg\u0142aszania problem\u00f3w i awarii<\/strong> w przestrzeni publicznej przez mieszka\u0144c\u00f3w gminy.<\/li>\n<li>Zadbanie o <strong>regularne wykaszanie poboczy<\/strong> i dbanie o widoczno\u015b\u0107 na skrzy\u017cowaniach poprzez <strong>regularne usuwanie krzak\u00f3w<\/strong>.<\/li>\n<li>Instalacja <strong>brakuj\u0105cych \u015bmietnik\u00f3w<\/strong> wzd\u0142u\u017c ci\u0105g\u00f3w pieszych i regularne opr\u00f3\u017cnianie.<\/li>\n<li><strong>\u0141awki do odpoczynku <\/strong>przy ci\u0105gach pieszo-spacerowych.<\/li>\n<li>Park w centrum Werbkowic <strong>stref\u0105 wypoczynku i relaksu<\/strong>, a nie miejscem dla \u201eamator\u00f3w taniego wina\u201d.<\/li>\n<\/ul>\n<h3 style=\"text-align: center;\">EDUKACJA DZIECI I M\u0141ODZIE\u017bY<\/h3>\n<ul style=\"text-align: justify;\">\n<li>Przywr\u00f3cenie \u201enormalno\u015bci\u201d w przedszkolu i szko\u0142ach prowadzonych przez samorz\u0105d &#8211; zako\u0144czenie \u201eeksperymentu o\u015bwiatowego\u201d i <strong>rozwi\u0105zanie Zespo\u0142u Szkolno-Przedszkolnego<\/strong> w\u00a0Werbkowicach &#8211; Szko\u0142a Podstawowa i\u00a0Przedszkole \u201eBajka\u201d odzyskaj\u0105 swoj\u0105 samodzielno\u015b\u0107 organizacyjn\u0105.<\/li>\n<li>Przywr\u00f3cenie dobrej atmosfery nauki i pracy w gminnych jednostkach o\u015bwiatowych \u2013 <strong>w\u00f3jt nadzoruje szko\u0142y, a nie rz\u0105dzi nimi<\/strong>!<\/li>\n<li>Dba\u0142o\u015b\u0107 o <strong>wysoki poziom nauczania<\/strong>, pomoc dzieciom ze specjalnymi potrzebami.<\/li>\n<li>Szko\u0142y prowadzone przez stowarzyszenia mieszka\u0144c\u00f3w s\u0105 <strong>wa\u017cnym elementem gminnej o\u015bwiaty<\/strong>. Partnerstwo we wsp\u00f3\u0142pracy i nieprowadzenie dzia\u0142a\u0144 konkuruj\u0105cych.<\/li>\n<li>Bezp\u0142atny <strong>program nauki p\u0142ywania<\/strong> dla uczni\u00f3w.<\/li>\n<li>Pozyskiwanie funduszy na <strong>zaj\u0119cia pozalekcyjne<\/strong> dla dzieci i <strong>szkolenia<\/strong> dla nauczycieli, w\u00a0szczeg\u00f3lno\u015bci <strong>rozwijanie kompetencji przysz\u0142o\u015bci<\/strong> uczni\u00f3w (priorytetowe na rynku pracy w ci\u0105gu najbli\u017cszych lat oraz w dalszej przysz\u0142o\u015bci).<\/li>\n<li>Dba\u0142o\u015b\u0107 o budynki o\u015bwiatowe,<strong> doposa\u017canie szk\u00f3\u0142<\/strong> w pomoce naukowe.<\/li>\n<li>Promocja <strong>zdrowej \u017cywno\u015bci w szko\u0142ach<\/strong> i <strong>zdrowego stylu \u017cycia<\/strong>. Wspieranie rekreacji i sportu szkolnego.<\/li>\n<li>Wspieranie uzdolnionej m\u0142odzie\u017cy i promowanie m\u0142odych talent\u00f3w &#8211; wprowadzenie stypendi\u00f3w naukowych, sportowych i artystycznych dla dzieci i\u00a0m\u0142odzie\u017cy z terenu Gminy (<strong>coroczny fundusz stypendialny<\/strong>).<\/li>\n<li>Rozw\u00f3j wolontariatu. Wsparcie organizacji harcerskich.<\/li>\n<li>Utworzenie forum samorz\u0105d\u00f3w uczniowskich (cykliczne spotkania z uczniami).<\/li>\n<\/ul>\n<h3 style=\"text-align: center;\">GMINA PRZYJAZNA ROLNIKOM, PRZEDSI\u0118BIORCOM i INWESTOROM<\/h3>\n<ul style=\"text-align: justify;\">\n<li>Poprawa przejezdno\u015bci <strong>dr\u00f3g dojazdowych<\/strong> do grunt\u00f3w rolnych.<\/li>\n<li>Wsparcie konserwacji i utrzymania row\u00f3w melioracyjnych.<\/li>\n<li>Wykorzystanie <strong>po\u0142o\u017cenia gminy przy drodze krajowej<\/strong> nr 74 i <strong>drodze wojew\u00f3dzkiej<\/strong> nr\u00a0850 oraz <strong>linii kolejowej szerokotorowej<\/strong> (Rawa Ruska\/ Ukraina \u2013 Hrubiesz\u00f3w \u2013 Huta Katowice), kt\u00f3re stanowi\u0105 wa\u017cne korytarze transportowe.<\/li>\n<li>Uruchomienie <strong>Punktu Obs\u0142ugi Inwestora w Urz\u0119dzie Gminy<\/strong> &#8211; miejsce przyjazne dla lokalnych firm, partner\u00f3w zewn\u0119trznych i wszystkich przedsi\u0119biorc\u00f3w, kt\u00f3rzy chcieliby zainwestowa\u0107 na terenie naszej gminy. Oferowanie korzystnych warunk\u00f3w ekonomicznych (np. ulgi w podatkach lokalnych) zach\u0119caj\u0105cych do inwestowania.<\/li>\n<li><strong>Wyznaczanie teren\u00f3w pod inwestycje<\/strong> w miejscowych planach zagospodarowania przestrzennego.<\/li>\n<\/ul>\n<h3 style=\"text-align: center;\">SKUTECZNO\u015a\u0106 W ZARZ\u0104DZANIU<\/h3>\n<h4 style=\"text-align: center;\">SPRAWNY I KOMPETENTNY URZ\u0104D GMINY<\/h4>\n<ul style=\"text-align: justify;\">\n<li><strong>Urz\u0105d dla Mieszka\u0144c\u00f3w<\/strong>, <strong>a nie odwrotnie<\/strong>. Podniesienie jako\u015bci us\u0142ug. Wyd\u0142u\u017cenie godzin pracy Urz\u0119du.<\/li>\n<li><strong>Mobilny urz\u0119dnik<\/strong> dla os\u00f3b o szczeg\u00f3lnych potrzebach.<\/li>\n<li><strong>Przyj\u0119cia interesant\u00f3w przez w\u00f3jta <\/strong>(w\u00a0wyd\u0142u\u017conym dniu pracy). Spotkania w\u00f3jta z\u00a0mieszka\u0144cami, so\u0142tysami i\u00a0radnymi (udzia\u0142 w sesjach i zebraniach so\u0142eckich).<\/li>\n<li>Skuteczne <strong>pozyskiwanie \u015brodk\u00f3w zewn\u0119trznych<\/strong>.<\/li>\n<li>Wdro\u017cenie <strong>Bud\u017cetu Obywatelskiego<\/strong>. Kontynuacja <strong>Funduszu So\u0142eckiego<\/strong>.<\/li>\n<li><strong>Audyt \u201eotwarcia\u201d na pocz\u0105tek kadencji. <\/strong>Weryfikacja funkcjonowania Urz\u0119du i podleg\u0142ych jednostek, nabycie wiedzy o stanie organizacji i zarz\u0105dzania, a tak\u017ce o aktualnej sytuacji finansowej Gminy.<\/li>\n<li><strong>Rozw\u00f3j<\/strong> <strong>e-us\u0142ug<\/strong> i obs\u0142ugi mieszka\u0144c\u00f3w z wykorzystaniem technologii cyfrowych. Dzia\u0142ania zwi\u0119kszaj\u0105ce bezpiecze\u0144stwo teleinformatyczne i <strong>odporno\u015b\u0107 na zagro\u017cenia cyfrowe<\/strong>.<\/li>\n<\/ul>\n<h4 style=\"text-align: center;\">MIESZKA\u0143CY ZAINTERESOWANI GMIN\u0104<\/h4>\n<ul style=\"text-align: justify;\">\n<li><strong>W\u00f3jt dost\u0119pny dla mieszka\u0144c\u00f3w <\/strong>\u2013 nie b\u0119dzie konieczno\u015bci umawiania si\u0119 do w\u00f3jta kilka tygodni wcze\u015bniej i\u00a0oczekiwania na spotkanie. W\u00f3jt b\u0119dzie spotyka\u0142 si\u0119 z mieszka\u0144cami, so\u0142tysami, radnymi oraz uczestniczy\u0142 w obradach Rady Gminy i zebraniach so\u0142eckich.<\/li>\n<li><strong>Mieszkaniec ma prawo wiedzie\u0107<\/strong>. Udost\u0119pnianie aktualnych i rzetelnych informacji o sprawach Gminy (strona internetowa, tablice og\u0142osze\u0144 w miejscowo\u015bciach, telebim informacyjny i in.). Dobre nag\u0142o\u015bnienie sesji. Dodatkowe tablice informacyjne.<\/li>\n<li><strong>Jawno\u015b\u0107 i przejrzysto\u015b\u0107 dzia\u0142ania<\/strong>. Publikacja na stronie gminy projekt\u00f3w uchwa\u0142 przed sesjami.<\/li>\n<li><strong>Konsultacje spo\u0142eczne<\/strong> nie tylko w Urz\u0119dzie \u2013 \u201ewyprowadzenie\u201d konsultacji w teren.<\/li>\n<li>Wsp\u00f3\u0142praca z organizacjami pozarz\u0105dowymi i grupami nieformalnymi (dotacje, doradztwo, udost\u0119pnienie pomieszcze\u0144).<\/li>\n<\/ul>\n<h4 style=\"text-align: center;\">STRATEGIA ROZWOJU GMINY i POLITYKA FINANSOWA<\/h4>\n<ul style=\"text-align: justify;\">\n<li>Opracowanie dobrej <strong>Strategii Rozwoju Gminy Werbkowice<\/strong> okre\u015blaj\u0105cej kierunki rozwoju gminy i zadania inwestycyjne. Strategia jest niezb\u0119dna do skutecznego zarz\u0105dzania i\u00a0<strong>pozyskiwania \u015brodk\u00f3w zewn\u0119trznych<\/strong>.<\/li>\n<li>Priorytety dzia\u0142a\u0144 strategicznych wypracowane zostan\u0105 z Radnymi i Mieszka\u0144cami, organizacjami i\u00a0instytucjami gminnymi.<\/li>\n<li>Sytuacja ekonomiczna naszej Gminy wymusza na nas <strong>polityk\u0119 oszcz\u0119dno\u015bci, gospodarno\u015bci i roztropno\u015bci w\u00a0wydatkach<\/strong>.<\/li>\n<li>Nale\u017cy szuka\u0107 takich inwestycji, kt\u00f3re wygeneruj\u0105 korzy\u015b\u0107 dla mieszka\u0144c\u00f3w, oszcz\u0119dno\u015bci w\u00a0bud\u017cecie publicznym.<\/li>\n<li>Nasze dochody w\u0142asne nale\u017cy traktowa\u0107 jako dodatek do \u015brodk\u00f3w zewn\u0119trznych, a nie g\u0142\u00f3wne \u017ar\u00f3d\u0142o finansowania inwestycji.<\/li>\n<\/ul>\n<\/div>\n\n\n\n<div class=\"wp-block-group has-ti-fg-alt-color has-text-color has-background has-link-color wp-elements-293695a89cf2e7d0e4f9ca2033193165 has-global-padding is-layout-constrained wp-block-group-is-layout-constrained\" style=\"background-color:#872424\">\n<h3 class=\"wp-block-heading has-text-align-center\">GMINA WERBKOWICE ZA 5 LAT \u2013 NASZA WIZJA<\/h3>\n\n\n\n<ul class=\"wp-block-list\">\n<li>Gmina rozwin\u0119\u0142a si\u0119<strong> pod wzgl\u0119dem infrastrukturalnym<\/strong> \u2013 zosta\u0142y wybudowane i&nbsp;wyremontowane nowe kilometry dr\u00f3g, a kolejne miejscowo\u015bci otrzyma\u0142y dost\u0119p do wody z&nbsp;wodoci\u0105g\u00f3w.<\/li>\n\n\n\n<li>Mieszka\u0144cy s\u0105<strong> zadowoleni z kontakt\u00f3w<\/strong> z Urz\u0119dem Gminy i jednostkami Gminy, bo wiedz\u0105, \u017ce urz\u0119dnicy podchodz\u0105 do ich spraw powa\u017cnie i&nbsp;kompetentnie.<\/li>\n\n\n\n<li>Radni i So\u0142tysi <strong>z poczuciem sprawstwa<\/strong>, a nie marnowania czasu po pobycie w Urz\u0119dzie Gminy lub na sesji Rady Gminy.<\/li>\n\n\n\n<li>Mieszka\u0144cy s\u0105 <strong>dobrze poinformowani<\/strong> o sprawach gminy.<\/li>\n\n\n\n<li>Mieszka\u0144cy <strong>maj\u0105 poczucie dumy<\/strong> z miejsca, w&nbsp;kt\u00f3rym mieszkaj\u0105 i pewno\u015b\u0107, \u017ce <strong>s\u0105 s\u0142uchani <\/strong>i <strong>maj\u0105 wp\u0142yw <\/strong><strong>na podejmowane decyzje<\/strong>.<\/li>\n\n\n\n<li>Gmina Werbkowice jest <strong>dobrym miejscem do \u017cycia<\/strong><\/li>\n<\/ul>\n\n\n\n<div style=\"height:20px\" aria-hidden=\"true\" class=\"wp-block-spacer\"><\/div>\n\n\n\n<div class=\"wp-block-group has-global-padding is-layout-constrained wp-container-core-group-is-layout-f6a1f688 wp-block-group-is-layout-constrained\" style=\"border-style:none;border-width:0px;margin-top:0;margin-bottom:0;padding-top:var(--wp--preset--spacing--60);padding-bottom:var(--wp--preset--spacing--60)\">\n<p class=\"has-text-align-center has-medium-font-size\"><strong>KWW Moniki Podolak \u201eRazem dla Gminy\u201d<\/strong><\/p>\n\n\n\n<div style=\"height:20px\" aria-hidden=\"true\" class=\"wp-block-spacer\"><\/div>\n\n\n\n<figure class=\"wp-block-image aligncenter size-large is-resized has-mobile-text-align-center\"><img loading=\"lazy\" decoding=\"async\" width=\"515\" height=\"1024\" src=\"https:\/\/monikapodolak.pl\/wp-content\/uploads\/2024\/02\/werbkowice-515x1024.png\" alt=\"\" class=\"wp-image-419\" style=\"width:255px;height:auto\" srcset=\"https:\/\/monikapodolak.pl\/wp-content\/uploads\/2024\/02\/werbkowice-515x1024.png 515w, https:\/\/monikapodolak.pl\/wp-content\/uploads\/2024\/02\/werbkowice-151x300.png 151w, https:\/\/monikapodolak.pl\/wp-content\/uploads\/2024\/02\/werbkowice.png 608w\" sizes=\"auto, (max-width: 515px) 100vw, 515px\" \/><\/figure>\n<\/div>\n<\/div>\n","protected":false},"excerpt":{"rendered":"<p>Szanowni Pa\u0144stwo, Jeste\u015bmy mieszka\u0144cami Gminy Werbkowice, jednymi z Was. Chcemy zmiany sposobu my\u015blenia i zmiany mentalno\u015bci os\u00f3b sprawuj\u0105cych najwa\u017cniejsze funkcje w\u00a0samorz\u0105dzie. Nie chcemy burzy\u0107 tego co dotychczas zbudowano, ale chcemy przywr\u00f3ci\u0107 normalno\u015b\u0107 w zarz\u0105dzaniu Gmin\u0105, aby Gmina mog\u0142a si\u0119 rozwija\u0107, zapewnia\u0107 mieszka\u0144com bezpiecze\u0144stwo oraz podnosi\u0107 jako\u015b\u0107 ich \u017cycia. Jako lokalny i bezpartyjny komitet wyborczy mieszka\u0144c\u00f3w [&hellip;]<\/p>\n","protected":false},"author":1,"featured_media":0,"parent":0,"menu_order":0,"comment_status":"closed","ping_status":"closed","template":"","meta":{"_editorskit_title_hidden":false,"_editorskit_reading_time":0,"_editorskit_is_block_options_detached":false,"_editorskit_block_options_position":"{}","_themeisle_gutenberg_block_has_review":false,"footnotes":""},"class_list":["post-149","page","type-page","status-publish","hentry"],"_links":{"self":[{"href":"https:\/\/monikapodolak.pl\/index.php?rest_route=\/wp\/v2\/pages\/149","targetHints":{"allow":["GET"]}}],"collection":[{"href":"https:\/\/monikapodolak.pl\/index.php?rest_route=\/wp\/v2\/pages"}],"about":[{"href":"https:\/\/monikapodolak.pl\/index.php?rest_route=\/wp\/v2\/types\/page"}],"author":[{"embeddable":true,"href":"https:\/\/monikapodolak.pl\/index.php?rest_route=\/wp\/v2\/users\/1"}],"replies":[{"embeddable":true,"href":"https:\/\/monikapodolak.pl\/index.php?rest_route=%2Fwp%2Fv2%2Fcomments&post=149"}],"version-history":[{"count":38,"href":"https:\/\/monikapodolak.pl\/index.php?rest_route=\/wp\/v2\/pages\/149\/revisions"}],"predecessor-version":[{"id":449,"href":"https:\/\/monikapodolak.pl\/index.php?rest_route=\/wp\/v2\/pages\/149\/revisions\/449"}],"wp:attachment":[{"href":"https:\/\/monikapodolak.pl\/index.php?rest_route=%2Fwp%2Fv2%2Fmedia&parent=149"}],"curies":[{"name":"wp","href":"https:\/\/api.w.org\/{rel}","templated":true}]}}